{"id":5913,"date":"2025-09-09T10:20:11","date_gmt":"2025-09-09T10:20:11","guid":{"rendered":"https:\/\/ermumcu.av.tr\/osman-ermumcu\/"},"modified":"2025-09-11T06:35:17","modified_gmt":"2025-09-11T06:35:17","slug":"osman-ermumcu","status":"publish","type":"page","link":"https:\/\/ermumcu.av.tr\/en\/osman-ermumcu\/","title":{"rendered":"Osman Ermumcu"},"content":{"rendered":"\t\t<div data-elementor-type=\"wp-page\" data-elementor-id=\"5913\" class=\"elementor elementor-5913 elementor-5633\" data-elementor-post-type=\"page\">\n\t\t\t\t        <section class=\"elementor-section elementor-top-section elementor-element elementor-element-c7ee906 elementor-section-stretched elementor-section-boxed elementor-section-height-default elementor-section-height-default pxl-row-scroll-none pxl-zoom-point-false pxl-section-overflow-visible pxl-section-fix-none pxl-bg-color-none pxl-section-overlay-none\" data-id=\"c7ee906\" data-element_type=\"section\" data-settings=\"{&quot;stretch_section&quot;:&quot;section-stretched&quot;}\">\n\n                \n                <div class=\"elementor-container elementor-column-gap-extended \">\n                <div class=\"elementor-column elementor-col-100 elementor-top-column elementor-element elementor-element-ca78777 pxl-column-none pxl-column-overflow-hidden-no\" data-id=\"ca78777\" data-element_type=\"column\">\r\n        <div class=\"elementor-widget-wrap elementor-element-populated\">\r\n                     \r\n        \t\t<div class=\"elementor-element elementor-element-43a7b38 elementor-widget elementor-widget-pxl_heading\" data-id=\"43a7b38\" data-element_type=\"widget\" data-widget_type=\"pxl_heading.default\">\n\t\t\t\t<div class=\"elementor-widget-container\">\n\t\t\t\t\t\n<div id=\"pxl-pxl_heading-43a7b38-6557\" class=\"pxl-heading px-sub-title-default-style \">\n\t<div class=\"pxl-heading--inner\">\n\t\t\n\t\t<h3 class=\"pxl-item--title style-default highlight-default \" data-wow-delay=\"ms\">\n\n\t\t\t<span class=\"pxl-heading--text ct-heading--text\">\n\n\t\t\t\t\t\t\t\t\tOsman Ermumcu\t\n\t\t\t\t\t\n\n\t\t\t<\/span>\n\n\t\t<\/h3>\n\t\t            <div class=\"pxl-gap\">\n\t\t\t\t<span>\n\t\t\t\t\t<i><\/i><i><\/i><i><\/i><i><\/i>\n\t\t\t\t<\/span>\n            <\/div>\n        \t\t\n\t<\/div>\n<\/div>\t\t\t\t<\/div>\n\t\t\t\t<\/div>\n\t\t            <\/div>\r\n        <\/div>\r\n        \t\t\t<\/div>\n\t\t<\/section>\n\t\t        <section class=\"elementor-section elementor-top-section elementor-element elementor-element-68b32a0 elementor-section-stretched elementor-section-boxed elementor-section-height-default elementor-section-height-default pxl-row-scroll-none pxl-zoom-point-false pxl-section-overflow-visible pxl-section-fix-none pxl-bg-color-none pxl-section-overlay-none\" data-id=\"68b32a0\" data-element_type=\"section\" data-settings=\"{&quot;stretch_section&quot;:&quot;section-stretched&quot;}\">\n\n                \n                <div class=\"elementor-container elementor-column-gap-extended \">\n                <div class=\"elementor-column elementor-col-100 elementor-top-column elementor-element elementor-element-e5f3bf9 pxl-column-none pxl-column-overflow-hidden-no\" data-id=\"e5f3bf9\" data-element_type=\"column\">\r\n        <div class=\"elementor-widget-wrap elementor-element-populated\">\r\n                     \r\n                <section class=\"elementor-section elementor-inner-section elementor-element elementor-element-8211848 elementor-section-boxed elementor-section-height-default elementor-section-height-default pxl-row-scroll-none pxl-zoom-point-false pxl-section-overflow-visible pxl-section-fix-none pxl-bg-color-none pxl-section-overlay-none\" data-id=\"8211848\" data-element_type=\"section\">\n\n                \n                <div class=\"elementor-container elementor-column-gap-default \">\n                <div class=\"elementor-column elementor-col-50 elementor-inner-column elementor-element elementor-element-3eea6b4 pxl-column-none pxl-column-overflow-hidden-no\" data-id=\"3eea6b4\" data-element_type=\"column\">\r\n        <div class=\"elementor-widget-wrap elementor-element-populated\">\r\n                     \r\n        \t\t<div class=\"elementor-element elementor-element-b376bf0 teamDetails elementor-widget elementor-widget-pxl_team_carousel\" data-id=\"b376bf0\" data-element_type=\"widget\" data-widget_type=\"pxl_team_carousel.default\">\n\t\t\t\t<div class=\"elementor-widget-container\">\n\t\t\t\t\t    <div class=\"pxl-swiper-slider pxl-team pxl-team-carousel2 pxl-team-layout2\" >\n        <div class=\"pxl-carousel-inner\">\n            <div class=\"pxl-swiper-container\" dir=\"ltr\" data-settings=\"{&quot;slide_direction&quot;:&quot;horizontal&quot;,&quot;slide_percolumn&quot;:1,&quot;slide_mode&quot;:&quot;slide&quot;,&quot;slides_to_show&quot;:1,&quot;slides_to_show_xxl&quot;:1,&quot;slides_to_show_lg&quot;:1,&quot;slides_to_show_md&quot;:1,&quot;slides_to_show_sm&quot;:1,&quot;slides_to_show_xs&quot;:1,&quot;slides_to_scroll&quot;:1,&quot;arrow&quot;:false,&quot;pagination&quot;:false,&quot;pagination_type&quot;:&quot;bullets&quot;,&quot;autoplay&quot;:false,&quot;pause_on_hover&quot;:false,&quot;pause_on_interaction&quot;:true,&quot;delay&quot;:5000,&quot;loop&quot;:false,&quot;speed&quot;:500}\">\n                <div class=\"pxl-swiper-wrapper\">\n                    \n                        <div class=\"pxl-swiper-slide\">\n                            <div class=\"pxl-item--inner \" data-wow-delay=\"ms\">\n                                                                    <div class=\"pxl-item--image\">\n                                                                                    <img fetchpriority=\"high\" decoding=\"async\" class=\"no-lazyload \" src=\"https:\/\/ermumcu.av.tr\/wp-content\/uploads\/2025\/09\/osman-ermumcu1.png\" width=\"300\" height=\"300\" alt=\"osman-ermumcu1\" title=\"osman-ermumcu1\" \/>                                                                            <\/div>\n                                                                <div class=\"pxl-item--holder\">\n                                    <h3 class=\"pxl-item--title\">Osman Ermumcu<\/h3>\n                                    <div class=\"pxl-item--position\"><span>Lawyer, Mediator<\/span><\/div>\n                                                                            <div class=\"team-info\">\n                                            <div class=\"team-info-inner\">\n                                            <h3 class=\"pxl-title-icon\"><\/h3>\n                                                <div class=\"pxl-item--social\">\n                                                                                                    <\/div>\n                                            <\/div>\n                                        <\/div>\n                                                                        <\/div>\n                           <\/div>\n                        <\/div>\n                                    <\/div>\n            <\/div>\n            \n            \n                        \n        <\/div>\n    <\/div>\n\t\t\t\t<\/div>\n\t\t\t\t<\/div>\n\t\t\t\t<div class=\"elementor-element elementor-element-ed4fd8a elementor-widget elementor-widget-pxl_link\" data-id=\"ed4fd8a\" data-element_type=\"widget\" data-widget_type=\"pxl_link.default\">\n\t\t\t\t<div class=\"elementor-widget-container\">\n\t\t\t\t\t<div class=\"pxl-link-wrap\">\r\n    <h3 class=\"pxl-widget-title pxl-empty\"><\/h3>\r\n            <ul id=\"pxl-link-pxl_link-ed4fd8a-1659\" class=\"pxl-link pxl-link-l1 style-default type-horizontal\">\r\n                                <li class=\"pxl-item--link  \">\r\n                        <a class=\"\" href=\"mailto:oermumcu@gmail.com \">\r\n                                                            <span class=\"pxl-link--icon bg-normal\">\r\n                                    <i aria-hidden=\"true\" class=\"fas fa-mail-bulk\"><\/i>                                <\/span>\r\n                                                        <span class=\"pxl-link--text\">oermumcu@gmail.com <\/span>\r\n                        <\/a>\r\n                    <\/li>\r\n                    <\/ul>\r\n    <\/div>\t\t\t\t<\/div>\n\t\t\t\t<\/div>\n\t\t            <\/div>\r\n        <\/div>\r\n                <div class=\"elementor-column elementor-col-50 elementor-inner-column elementor-element elementor-element-0f38763 pxl-column-none pxl-column-overflow-hidden-no\" data-id=\"0f38763\" data-element_type=\"column\">\r\n        <div class=\"elementor-widget-wrap elementor-element-populated\">\r\n                     \r\n        \t\t<div class=\"elementor-element elementor-element-d55daec text-editor-team-details elementor-widget elementor-widget-pxl_text_editor\" data-id=\"d55daec\" data-element_type=\"widget\" data-widget_type=\"pxl_text_editor.default\">\n\t\t\t\t<div class=\"elementor-widget-container\">\n\t\t\t\t\t<div class=\"pxl-text-editor highlight-gradient\">\n\t<div class=\"pxl-item--inner  \">\n\t\t<div class=\"content-container span9\"><section id=\"main_content\"><div class=\"vc_custom_1484311707199\"><div class=\"container\"><div class=\"vc_row wpb_row vc_row-fluid\"><div class=\"wpb_column vc_column_container vc_col-sm-12\"><div class=\"vc_column-inner \"><div class=\"wpb_wrapper\"><div class=\"wpb_text_column wpb_content_element \"><div class=\"wpb_wrapper\"><div class=\"vc_custom_1484311707199\"><div class=\"container\"><div class=\"vc_row wpb_row vc_row-fluid\"><div class=\"wpb_column vc_column_container vc_col-sm-12\"><div class=\"vc_column-inner \"><div class=\"wpb_wrapper\"><div class=\"wpb_text_column wpb_content_element \"><div class=\"wpb_wrapper\"><p class=\"p1\">After graduating from Ankara University Faculty of Law in 1988, he completed his internship at the Denizli Bar Association and obtained his attorney\u2019s license.<\/p><p class=\"p1\">In 1990, Osman Ermumcu began his career as a candidate for administrative judiciary judge and served for many years in various positions within the administrative judiciary. In 2019, he retired and joined Ermumcu Law Firm.<\/p><p class=\"p1\">In 2011, he completed his master\u2019s degree in public law at Sel\u00e7uk University, and since 2019 he has been continuing his legal practice as a registered lawyer with the Izmir Bar Association.<\/p><\/div><\/div><\/div><\/div><\/div><\/div><\/div><\/div><\/div><\/div><\/div><\/div><\/div><\/div><\/div><\/div><\/section><\/div>\t\t\n\t<\/div>\n<\/div>\t\t\t\t<\/div>\n\t\t\t\t<\/div>\n\t\t\t\t<div class=\"elementor-element elementor-element-126af5e elementor-widget__width-initial elementor-widget elementor-widget-heading\" data-id=\"126af5e\" data-element_type=\"widget\" data-widget_type=\"heading.default\">\n\t\t\t\t\t<h3 class=\"elementor-heading-title elementor-size-default\">Professional Training<\/h3>\t\t\t\t<\/div>\n\t\t\t\t<div class=\"elementor-element elementor-element-5439ee5 elementor-widget-divider--view-line elementor-widget elementor-widget-divider\" data-id=\"5439ee5\" data-element_type=\"widget\" data-widget_type=\"divider.default\">\n\t\t\t\t\t\t\t<div class=\"elementor-divider\">\n\t\t\t<span class=\"elementor-divider-separator\">\n\t\t\t\t\t\t<\/span>\n\t\t<\/div>\n\t\t\t\t\t\t<\/div>\n\t\t\t\t<div class=\"elementor-element elementor-element-fe00a57 text-editor-team-details elementor-widget elementor-widget-pxl_text_editor\" data-id=\"fe00a57\" data-element_type=\"widget\" data-widget_type=\"pxl_text_editor.default\">\n\t\t\t\t<div class=\"elementor-widget-container\">\n\t\t\t\t\t<div class=\"pxl-text-editor highlight-gradient\">\n\t<div class=\"pxl-item--inner  \">\n\t\t<div class=\"content-container span9\"><section id=\"main_content\"><div class=\"vc_custom_1484311707199\"><div class=\"container\"><div class=\"vc_row wpb_row vc_row-fluid\"><div class=\"wpb_column vc_column_container vc_col-sm-12\"><div class=\"vc_column-inner \"><div class=\"wpb_wrapper\"><div class=\"wpb_text_column wpb_content_element \"><div class=\"wpb_wrapper\"><div class=\"vc_custom_1484311764696\"><div class=\"container\"><div class=\"vc_row wpb_row vc_row-fluid\"><div class=\"wpb_column vc_column_container vc_col-sm-12\"><div class=\"vc_column-inner \"><div class=\"wpb_wrapper\"><div class=\"wpb_text_column wpb_content_element \"><div class=\"wpb_wrapper\"><ul><li class=\"p1\">ISTAC Arbitration Training \u2013 2020<\/li><li class=\"p1\">\u0130n\u00f6n\u00fc University \u2013 Specialization Training in Mediation in Labor Law \u2013 2018<\/li><li class=\"p1\">Ministry of Justice \u2013 Strengthening the Relationship Between Mass Media and the Judiciary \u2013 2014<\/li><li class=\"p1\">Turkish Justice Academy \u2013 Implementation of Law No. 4483 on the Prosecution of Civil Servants and Other Public Officials \u2013 2014<\/li><li class=\"p1\">Istanbul K\u00fclt\u00fcr University \u2013 The Temel and Others v. Turkey Case \u2013 2014<\/li><li class=\"p1\">Council of State \u2013 Contribution and Participation in the Preparation Workshop for the 2014\u20132018 Strategic Plan \u2013 2013<\/li><li class=\"p1\">Turkish Justice Academy \u2013 2012<\/li><li class=\"p1\">International Law and Justice Foundation, Civil Procedure and Enforcement\u2013Bankruptcy Lawyers \u2013 Evaluation of the Code of Civil Procedure \u2013 2012<\/li><li class=\"p1\">Turkish Justice Academy \u2013 High Council of Judges and Prosecutors \/ In-Service Training \u2013 2012<\/li><li class=\"p1\">Ministry of Justice Training Department \u2013 UYAP Online Training Program \u2013 2009<\/li><li class=\"p1\">Ministry of Justice Training Department \u2013 Investigation Procedures for Civil Servants and Public Officials \u2013 2008<\/li><li class=\"p1\">Turkish Justice Academy \u2013 \u201cJustice Management in Light of Economic, Social, Cultural Developments and Human Rights Changes in Turkey and the World\u201d \u2013 2005<\/li><li class=\"p1\">Ministry of Justice Training Department \u2013 Human Rights Trainers Evaluation and Methodology Seminar \u2013 2004<\/li><li class=\"p1\">Ministry of Justice \u2013 European Convention on Human Rights and Case Law of the European Court of Human Rights \u2013 2004<\/li><li class=\"p1\">European Commission &amp; Council of Europe &amp; Ministry of Justice \u2013 Training of Trainers on the European Convention on Human Rights and the Case Law of the European Court of Human Rights \u2013 2003<\/li><li class=\"p1\">Ministry of Justice &amp; British Embassy \u2013 Human Rights Training Project for Judges and Prosecutors \u2013 2003<\/li><li class=\"p1\">Ministry of Justice Training Department \u2013 Forensic Medicine Seminar \u2013 2001<\/li><\/ul><\/div><\/div><\/div><\/div><\/div><\/div><\/div><\/div><\/div><\/div><\/div><\/div><\/div><\/div><\/div><\/div><\/section><\/div>\t\t\n\t<\/div>\n<\/div>\t\t\t\t<\/div>\n\t\t\t\t<\/div>\n\t\t            <\/div>\r\n        <\/div>\r\n        \t\t\t<\/div>\n\t\t<\/section>\n\t\t            <\/div>\r\n        <\/div>\r\n        \t\t\t<\/div>\n\t\t<\/section>\n\t\t\t\t<\/div>\n\t\t","protected":false},"excerpt":{"rendered":"<p>Osman Ermumcu Osman Ermumcu Lawyer, Mediator oermumcu@gmail.com After graduating from Ankara University Faculty of Law in 1988, he completed his internship at the Denizli Bar Association and obtained his attorney\u2019s license. In 1990, Osman Ermumcu began his career as a candidate for administrative judiciary judge and served for many years in various positions within the [&hellip;]<\/p>\n","protected":false},"author":1,"featured_media":0,"parent":0,"menu_order":0,"comment_status":"closed","ping_status":"closed","template":"","meta":{"footnotes":""},"class_list":["post-5913","page","type-page","status-publish","hentry"],"_links":{"self":[{"href":"https:\/\/ermumcu.av.tr\/en\/wp-json\/wp\/v2\/pages\/5913","targetHints":{"allow":["GET"]}}],"collection":[{"href":"https:\/\/ermumcu.av.tr\/en\/wp-json\/wp\/v2\/pages"}],"about":[{"href":"https:\/\/ermumcu.av.tr\/en\/wp-json\/wp\/v2\/types\/page"}],"author":[{"embeddable":true,"href":"https:\/\/ermumcu.av.tr\/en\/wp-json\/wp\/v2\/users\/1"}],"replies":[{"embeddable":true,"href":"https:\/\/ermumcu.av.tr\/en\/wp-json\/wp\/v2\/comments?post=5913"}],"version-history":[{"count":17,"href":"https:\/\/ermumcu.av.tr\/en\/wp-json\/wp\/v2\/pages\/5913\/revisions"}],"predecessor-version":[{"id":6363,"href":"https:\/\/ermumcu.av.tr\/en\/wp-json\/wp\/v2\/pages\/5913\/revisions\/6363"}],"wp:attachment":[{"href":"https:\/\/ermumcu.av.tr\/en\/wp-json\/wp\/v2\/media?parent=5913"}],"curies":[{"name":"wp","href":"https:\/\/api.w.org\/{rel}","templated":true}]}}