{"id":5684,"date":"2024-11-26T09:06:25","date_gmt":"2024-11-26T09:06:25","guid":{"rendered":"https:\/\/ermumcu.av.tr\/contact\/"},"modified":"2025-09-10T11:12:27","modified_gmt":"2025-09-10T11:12:27","slug":"contact","status":"publish","type":"page","link":"https:\/\/ermumcu.av.tr\/en\/contact\/","title":{"rendered":"Contact"},"content":{"rendered":"\t\t<div data-elementor-type=\"wp-page\" data-elementor-id=\"5684\" class=\"elementor elementor-5684 elementor-4683\" data-elementor-post-type=\"page\">\n\t\t\t\t        <section class=\"elementor-section elementor-top-section elementor-element elementor-element-475818a elementor-section-boxed elementor-section-height-default elementor-section-height-default pxl-row-scroll-none pxl-zoom-point-false pxl-section-overflow-visible pxl-section-fix-none pxl-bg-color-none pxl-section-overlay-none\" data-id=\"475818a\" data-element_type=\"section\" data-settings=\"{&quot;background_background&quot;:&quot;classic&quot;}\">\n\n                            <div class=\"elementor-background-overlay\"><\/div>\n            \n                <div class=\"elementor-container elementor-column-gap-default \">\n                <div class=\"elementor-column elementor-col-100 elementor-top-column elementor-element elementor-element-2984fe4 pxl-column-none pxl-column-overflow-hidden-no\" data-id=\"2984fe4\" data-element_type=\"column\">\r\n        <div class=\"elementor-widget-wrap elementor-element-populated\">\r\n                     \r\n        \t\t<div class=\"elementor-element elementor-element-63f540e elementor-widget elementor-widget-spacer\" data-id=\"63f540e\" data-element_type=\"widget\" data-widget_type=\"spacer.default\">\n\t\t\t\t\t\t\t<div class=\"elementor-spacer\">\n\t\t\t<div class=\"elementor-spacer-inner\"><\/div>\n\t\t<\/div>\n\t\t\t\t\t\t<\/div>\n\t\t        <section class=\"elementor-section elementor-inner-section elementor-element elementor-element-96d43a7 elementor-section-boxed elementor-section-height-default elementor-section-height-default pxl-row-scroll-none pxl-zoom-point-false pxl-section-overflow-visible pxl-section-fix-none pxl-bg-color-none pxl-section-overlay-none\" data-id=\"96d43a7\" data-element_type=\"section\">\n\n                \n                <div class=\"elementor-container elementor-column-gap-default \">\n                <div class=\"elementor-column elementor-col-100 elementor-inner-column elementor-element elementor-element-c877045 pxl-column-none pxl-column-overflow-hidden-no\" data-id=\"c877045\" data-element_type=\"column\">\r\n        <div class=\"elementor-widget-wrap elementor-element-populated\">\r\n                     \r\n        \t\t<div class=\"elementor-element elementor-element-bcf1daf elementor-widget elementor-widget-google_maps\" data-id=\"bcf1daf\" data-element_type=\"widget\" data-widget_type=\"google_maps.default\">\n\t\t\t\t\t\t\t<div class=\"elementor-custom-embed\">\n\t\t\t<iframe loading=\"lazy\"\n\t\t\t\t\tsrc=\"https:\/\/maps.google.com\/maps?q=Ermumcu%20Hukuk%20B%C3%BCrosu&#038;t=m&#038;z=12&#038;output=embed&#038;iwloc=near\"\n\t\t\t\t\ttitle=\"Ermumcu Hukuk B\u00fcrosu\"\n\t\t\t\t\taria-label=\"Ermumcu Hukuk B\u00fcrosu\"\n\t\t\t><\/iframe>\n\t\t<\/div>\n\t\t\t\t\t\t<\/div>\n\t\t            <\/div>\r\n        <\/div>\r\n        \t\t\t<\/div>\n\t\t<\/section>\n\t\t            <\/div>\r\n        <\/div>\r\n        \t\t\t<\/div>\n\t\t<\/section>\n\t\t<div class=\"elementor-element elementor-element-33b3e22 e-flex e-con-boxed e-con e-parent \" data-id=\"33b3e22\" data-element_type=\"container\">\t\t\t<div class=\"e-con-inner\">\r\n\t\t<div class=\"elementor-element elementor-element-5e84163 e-con-full e-flex e-con e-child \" data-id=\"5e84163\" data-element_type=\"container\">\t\t<div class=\"elementor-element elementor-element-0df862f elementor-view-default elementor-widget elementor-widget-icon\" data-id=\"0df862f\" data-element_type=\"widget\" data-widget_type=\"icon.default\">\n\t\t\t\t\t\t\t<div class=\"elementor-icon-wrapper\">\n\t\t\t<div class=\"elementor-icon\">\n\t\t\t<i aria-hidden=\"true\" class=\"fal fa-map-marker-alt\"><\/i>\t\t\t<\/div>\n\t\t<\/div>\n\t\t\t\t\t\t<\/div>\n\t\t\t\t<div class=\"elementor-element elementor-element-b6f4e4b elementor-widget elementor-widget-pxl_text_editor\" data-id=\"b6f4e4b\" data-element_type=\"widget\" data-widget_type=\"pxl_text_editor.default\">\n\t\t\t\t<div class=\"elementor-widget-container\">\n\t\t\t\t\t<div class=\"pxl-text-editor highlight-gradient\">\n\t<div class=\"pxl-item--inner  \">\n\t\t<a href=\"https:\/\/share.google\/xiPIjHHm5jQ3wupH4\" rel=\"noopener\">\u00c7\u0131narl\u0131 Mah. Fatih Cad. No:16-18 Ater Tower Daire:905 Konak\/\u0130zmir<\/a>\t\t\n\t<\/div>\n<\/div>\t\t\t\t<\/div>\n\t\t\t\t<\/div>\n\t\t\t\t<\/div>\r\n\t\t<div class=\"elementor-element elementor-element-0e283ec e-con-full e-flex e-con e-child \" data-id=\"0e283ec\" data-element_type=\"container\">\t\t<div class=\"elementor-element elementor-element-a17871c elementor-view-default elementor-widget elementor-widget-icon\" data-id=\"a17871c\" data-element_type=\"widget\" data-widget_type=\"icon.default\">\n\t\t\t\t\t\t\t<div class=\"elementor-icon-wrapper\">\n\t\t\t<div class=\"elementor-icon\">\n\t\t\t<i aria-hidden=\"true\" class=\"flaticon flaticon-phone-call\"><\/i>\t\t\t<\/div>\n\t\t<\/div>\n\t\t\t\t\t\t<\/div>\n\t\t\t\t<div class=\"elementor-element elementor-element-6144392 elementor-widget elementor-widget-pxl_text_editor\" data-id=\"6144392\" data-element_type=\"widget\" data-widget_type=\"pxl_text_editor.default\">\n\t\t\t\t<div class=\"elementor-widget-container\">\n\t\t\t\t\t<div class=\"pxl-text-editor highlight-gradient\">\n\t<div class=\"pxl-item--inner  \">\n\t\t<div class=\"gt3_icon_box gt3_icon_box_icon-position_ gt3_icon_box_icon-position_top gt3_icon_box__icon_icon_size_small wpb_animate_when_almost_visible wpb_fadeInUp fadeInUp wpb_start_animation animated\"><div class=\"gt3_icon_box-content-wrapper\"><div class=\"gt3_icon_box__text\"><div class=\"gt3_icon_box gt3_icon_box_icon-position_ gt3_icon_box_icon-position_top gt3_icon_box__icon_icon_size_small wpb_animate_when_almost_visible wpb_fadeInLeft fadeInLeft wpb_start_animation animated\"><div class=\"gt3_icon_box-content-wrapper\"><div class=\"gt3_icon_box__text\"><a href=\"tel:+902324351012\">+90 232 435 10 12<\/a><\/div><\/div><\/div><\/div><\/div><\/div>\t\t\n\t<\/div>\n<\/div>\t\t\t\t<\/div>\n\t\t\t\t<\/div>\n\t\t\t\t<\/div>\r\n\t\t<div class=\"elementor-element elementor-element-73db4a4 e-con-full e-flex e-con e-child \" data-id=\"73db4a4\" data-element_type=\"container\">\t\t<div class=\"elementor-element elementor-element-822b34c elementor-view-default elementor-widget elementor-widget-icon\" data-id=\"822b34c\" data-element_type=\"widget\" data-widget_type=\"icon.default\">\n\t\t\t\t\t\t\t<div class=\"elementor-icon-wrapper\">\n\t\t\t<div class=\"elementor-icon\">\n\t\t\t<i aria-hidden=\"true\" class=\"fal fa-map-marker-alt\"><\/i>\t\t\t<\/div>\n\t\t<\/div>\n\t\t\t\t\t\t<\/div>\n\t\t\t\t<div class=\"elementor-element elementor-element-499d3ea elementor-widget elementor-widget-pxl_text_editor\" data-id=\"499d3ea\" data-element_type=\"widget\" data-widget_type=\"pxl_text_editor.default\">\n\t\t\t\t<div class=\"elementor-widget-container\">\n\t\t\t\t\t<div class=\"pxl-text-editor highlight-gradient\">\n\t<div class=\"pxl-item--inner  \">\n\t\t<p><a href=\"mailto:f_ermumcu@hotmail.com\">f_ermumcu@hotmail.com<\/a><br \/><a href=\"mailto:av.selcukermumcu@gmail.com\"> av.selcukermumcu@gmail.com<\/a><br \/><a href=\"mailto:oermumcu@gmail.com\"> oermumcu@gmail.com<\/a><\/p>\t\t\n\t<\/div>\n<\/div>\t\t\t\t<\/div>\n\t\t\t\t<\/div>\n\t\t\t\t<\/div>\r\n\t\t\t\t\t<\/div>\r\n\t\t\t\t<\/div>\r\n\t\t\t\t<\/div>\n\t\t","protected":false},"excerpt":{"rendered":"<p>\u00c7\u0131narl\u0131 Mah. Fatih Cad. No:16-18 Ater Tower Daire:905 Konak\/\u0130zmir +90 232 435 10 12 f_ermumcu@hotmail.com av.selcukermumcu@gmail.com oermumcu@gmail.com<\/p>\n","protected":false},"author":1,"featured_media":0,"parent":0,"menu_order":0,"comment_status":"closed","ping_status":"closed","template":"","meta":{"footnotes":""},"class_list":["post-5684","page","type-page","status-publish","hentry"],"_links":{"self":[{"href":"https:\/\/ermumcu.av.tr\/en\/wp-json\/wp\/v2\/pages\/5684","targetHints":{"allow":["GET"]}}],"collection":[{"href":"https:\/\/ermumcu.av.tr\/en\/wp-json\/wp\/v2\/pages"}],"about":[{"href":"https:\/\/ermumcu.av.tr\/en\/wp-json\/wp\/v2\/types\/page"}],"author":[{"embeddable":true,"href":"https:\/\/ermumcu.av.tr\/en\/wp-json\/wp\/v2\/users\/1"}],"replies":[{"embeddable":true,"href":"https:\/\/ermumcu.av.tr\/en\/wp-json\/wp\/v2\/comments?post=5684"}],"version-history":[{"count":12,"href":"https:\/\/ermumcu.av.tr\/en\/wp-json\/wp\/v2\/pages\/5684\/revisions"}],"predecessor-version":[{"id":6145,"href":"https:\/\/ermumcu.av.tr\/en\/wp-json\/wp\/v2\/pages\/5684\/revisions\/6145"}],"wp:attachment":[{"href":"https:\/\/ermumcu.av.tr\/en\/wp-json\/wp\/v2\/media?parent=5684"}],"curies":[{"name":"wp","href":"https:\/\/api.w.org\/{rel}","templated":true}]}}