{"id":5933,"date":"2025-09-09T10:24:01","date_gmt":"2025-09-09T10:24:01","guid":{"rendered":"https:\/\/ermumcu.av.tr\/selcuk-ermumcu\/"},"modified":"2025-09-11T06:33:55","modified_gmt":"2025-09-11T06:33:55","slug":"selcuk-ermumcu","status":"publish","type":"page","link":"https:\/\/ermumcu.av.tr\/de\/selcuk-ermumcu\/","title":{"rendered":"Sel\u00e7uk Ermumcu"},"content":{"rendered":"\t\t<div data-elementor-type=\"wp-page\" data-elementor-id=\"5933\" class=\"elementor elementor-5933 elementor-5641\" data-elementor-post-type=\"page\">\n\t\t\t\t        <section class=\"elementor-section elementor-top-section elementor-element elementor-element-c7ee906 elementor-section-stretched elementor-section-boxed elementor-section-height-default elementor-section-height-default pxl-row-scroll-none pxl-zoom-point-false pxl-section-overflow-visible pxl-section-fix-none pxl-bg-color-none pxl-section-overlay-none\" data-id=\"c7ee906\" data-element_type=\"section\" data-settings=\"{&quot;stretch_section&quot;:&quot;section-stretched&quot;}\">\n\n                \n                <div class=\"elementor-container elementor-column-gap-extended \">\n                <div class=\"elementor-column elementor-col-100 elementor-top-column elementor-element elementor-element-ca78777 pxl-column-none pxl-column-overflow-hidden-no\" data-id=\"ca78777\" data-element_type=\"column\">\r\n        <div class=\"elementor-widget-wrap elementor-element-populated\">\r\n                     \r\n        \t\t<div class=\"elementor-element elementor-element-43a7b38 elementor-widget elementor-widget-pxl_heading\" data-id=\"43a7b38\" data-element_type=\"widget\" data-widget_type=\"pxl_heading.default\">\n\t\t\t\t<div class=\"elementor-widget-container\">\n\t\t\t\t\t\n<div id=\"pxl-pxl_heading-43a7b38-2911\" class=\"pxl-heading px-sub-title-default-style \">\n\t<div class=\"pxl-heading--inner\">\n\t\t\n\t\t<h3 class=\"pxl-item--title style-default highlight-default \" data-wow-delay=\"ms\">\n\n\t\t\t<span class=\"pxl-heading--text ct-heading--text\">\n\n\t\t\t\t\t\t\t\t\tSel\u00e7uk Ermumcu\t\n\t\t\t\t\t\n\n\t\t\t<\/span>\n\n\t\t<\/h3>\n\t\t            <div class=\"pxl-gap\">\n\t\t\t\t<span>\n\t\t\t\t\t<i><\/i><i><\/i><i><\/i><i><\/i>\n\t\t\t\t<\/span>\n            <\/div>\n        \t\t\n\t<\/div>\n<\/div>\t\t\t\t<\/div>\n\t\t\t\t<\/div>\n\t\t            <\/div>\r\n        <\/div>\r\n        \t\t\t<\/div>\n\t\t<\/section>\n\t\t        <section class=\"elementor-section elementor-top-section elementor-element elementor-element-68b32a0 elementor-section-stretched elementor-section-boxed elementor-section-height-default elementor-section-height-default pxl-row-scroll-none pxl-zoom-point-false pxl-section-overflow-visible pxl-section-fix-none pxl-bg-color-none pxl-section-overlay-none\" data-id=\"68b32a0\" data-element_type=\"section\" data-settings=\"{&quot;stretch_section&quot;:&quot;section-stretched&quot;}\">\n\n                \n                <div class=\"elementor-container elementor-column-gap-extended \">\n                <div class=\"elementor-column elementor-col-100 elementor-top-column elementor-element elementor-element-e5f3bf9 pxl-column-none pxl-column-overflow-hidden-no\" data-id=\"e5f3bf9\" data-element_type=\"column\">\r\n        <div class=\"elementor-widget-wrap elementor-element-populated\">\r\n                     \r\n                <section class=\"elementor-section elementor-inner-section elementor-element elementor-element-8211848 elementor-section-boxed elementor-section-height-default elementor-section-height-default pxl-row-scroll-none pxl-zoom-point-false pxl-section-overflow-visible pxl-section-fix-none pxl-bg-color-none pxl-section-overlay-none\" data-id=\"8211848\" data-element_type=\"section\">\n\n                \n                <div class=\"elementor-container elementor-column-gap-default \">\n                <div class=\"elementor-column elementor-col-50 elementor-inner-column elementor-element elementor-element-3eea6b4 pxl-column-none pxl-column-overflow-hidden-no\" data-id=\"3eea6b4\" data-element_type=\"column\">\r\n        <div class=\"elementor-widget-wrap elementor-element-populated\">\r\n                     \r\n        \t\t<div class=\"elementor-element elementor-element-b376bf0 teamDetails elementor-widget elementor-widget-pxl_team_carousel\" data-id=\"b376bf0\" data-element_type=\"widget\" data-widget_type=\"pxl_team_carousel.default\">\n\t\t\t\t<div class=\"elementor-widget-container\">\n\t\t\t\t\t    <div class=\"pxl-swiper-slider pxl-team pxl-team-carousel2 pxl-team-layout2\" >\n        <div class=\"pxl-carousel-inner\">\n            <div class=\"pxl-swiper-container\" dir=\"ltr\" data-settings=\"{&quot;slide_direction&quot;:&quot;horizontal&quot;,&quot;slide_percolumn&quot;:1,&quot;slide_mode&quot;:&quot;slide&quot;,&quot;slides_to_show&quot;:1,&quot;slides_to_show_xxl&quot;:1,&quot;slides_to_show_lg&quot;:1,&quot;slides_to_show_md&quot;:1,&quot;slides_to_show_sm&quot;:1,&quot;slides_to_show_xs&quot;:1,&quot;slides_to_scroll&quot;:1,&quot;arrow&quot;:false,&quot;pagination&quot;:false,&quot;pagination_type&quot;:&quot;bullets&quot;,&quot;autoplay&quot;:false,&quot;pause_on_hover&quot;:false,&quot;pause_on_interaction&quot;:true,&quot;delay&quot;:5000,&quot;loop&quot;:false,&quot;speed&quot;:500}\">\n                <div class=\"pxl-swiper-wrapper\">\n                    \n                        <div class=\"pxl-swiper-slide\">\n                            <div class=\"pxl-item--inner \" data-wow-delay=\"ms\">\n                                                                    <div class=\"pxl-item--image\">\n                                                                                    <img fetchpriority=\"high\" decoding=\"async\" class=\"no-lazyload \" src=\"https:\/\/ermumcu.av.tr\/wp-content\/uploads\/2025\/09\/selcuk-ermumcu1.png\" width=\"300\" height=\"300\" alt=\"selcuk-ermumcu1\" title=\"selcuk-ermumcu1\" \/>                                                                            <\/div>\n                                                                <div class=\"pxl-item--holder\">\n                                    <h3 class=\"pxl-item--title\">Sel\u00e7uk Ermumcu<\/h3>\n                                    <div class=\"pxl-item--position\"><span>Rechtsanwalt<\/span><\/div>\n                                                                            <div class=\"team-info\">\n                                            <div class=\"team-info-inner\">\n                                            <h3 class=\"pxl-title-icon\"><\/h3>\n                                                <div class=\"pxl-item--social\">\n                                                                                                    <\/div>\n                                            <\/div>\n                                        <\/div>\n                                                                        <\/div>\n                           <\/div>\n                        <\/div>\n                                    <\/div>\n            <\/div>\n            \n            \n                        \n        <\/div>\n    <\/div>\n\t\t\t\t<\/div>\n\t\t\t\t<\/div>\n\t\t\t\t<div class=\"elementor-element elementor-element-ed4fd8a elementor-widget elementor-widget-pxl_link\" data-id=\"ed4fd8a\" data-element_type=\"widget\" data-widget_type=\"pxl_link.default\">\n\t\t\t\t<div class=\"elementor-widget-container\">\n\t\t\t\t\t<div class=\"pxl-link-wrap\">\r\n    <h3 class=\"pxl-widget-title pxl-empty\"><\/h3>\r\n            <ul id=\"pxl-link-pxl_link-ed4fd8a-3585\" class=\"pxl-link pxl-link-l1 style-default type-horizontal\">\r\n                                <li class=\"pxl-item--link  \">\r\n                        <a class=\"\" href=\"mailto:av.selcukermumcu@gmail.com\">\r\n                                                        <span class=\"pxl-link--text\">av.selcukermumcu@gmail.com<\/span>\r\n                        <\/a>\r\n                    <\/li>\r\n                    <\/ul>\r\n    <\/div>\t\t\t\t<\/div>\n\t\t\t\t<\/div>\n\t\t            <\/div>\r\n        <\/div>\r\n                <div class=\"elementor-column elementor-col-50 elementor-inner-column elementor-element elementor-element-0f38763 pxl-column-none pxl-column-overflow-hidden-no\" data-id=\"0f38763\" data-element_type=\"column\">\r\n        <div class=\"elementor-widget-wrap elementor-element-populated\">\r\n                     \r\n        \t\t<div class=\"elementor-element elementor-element-d55daec text-editor-team-details elementor-widget elementor-widget-pxl_text_editor\" data-id=\"d55daec\" data-element_type=\"widget\" data-widget_type=\"pxl_text_editor.default\">\n\t\t\t\t<div class=\"elementor-widget-container\">\n\t\t\t\t\t<div class=\"pxl-text-editor highlight-gradient\">\n\t<div class=\"pxl-item--inner  \">\n\t\t<div class=\"content-container span9\"><section id=\"main_content\"><div class=\"vc_custom_1484311707199\"><div class=\"container\"><div class=\"vc_row wpb_row vc_row-fluid\"><div class=\"wpb_column vc_column_container vc_col-sm-12\"><div class=\"vc_column-inner \"><div class=\"wpb_wrapper\"><div class=\"wpb_text_column wpb_content_element \"><div class=\"wpb_wrapper\"><div class=\"vc_custom_1484311707199\"><div class=\"container\"><div class=\"vc_row wpb_row vc_row-fluid\"><div class=\"wpb_column vc_column_container vc_col-sm-12\"><div class=\"vc_column-inner \"><div class=\"wpb_wrapper\"><div class=\"wpb_text_column wpb_content_element vc_custom_1632105458170\"><div class=\"wpb_wrapper\"><p class=\"p1\">Rechtsanwalt Sel\u00e7uk Ermumcu absolvierte 2016 das Ayd\u0131n Wissenschaftsgymnasium und 2020 die Juristische Fakult\u00e4t der Dokuz-Eyl\u00fcl-Universit\u00e4t.<\/p><p class=\"p1\">Er verf\u00fcgt \u00fcber sehr gute Englischkenntnisse und ist seit 2020 als eingetragener Anwalt bei der Anwaltskammer Izmir t\u00e4tig.<\/p><p class=\"p1\">Derzeit absolviert er ein Masterstudium im Bereich Privatrecht an der Dokuz-Eyl\u00fcl-Universit\u00e4t.<\/p><\/div><\/div><\/div><\/div><\/div><\/div><\/div><\/div><\/div><\/div><\/div><\/div><\/div><\/div><\/div><\/div><\/section><\/div>\t\t\n\t<\/div>\n<\/div>\t\t\t\t<\/div>\n\t\t\t\t<\/div>\n\t\t            <\/div>\r\n        <\/div>\r\n        \t\t\t<\/div>\n\t\t<\/section>\n\t\t            <\/div>\r\n        <\/div>\r\n        \t\t\t<\/div>\n\t\t<\/section>\n\t\t\t\t<\/div>\n\t\t","protected":false},"excerpt":{"rendered":"<p>Sel\u00e7uk Ermumcu Sel\u00e7uk Ermumcu Rechtsanwalt av.selcukermumcu@gmail.com Rechtsanwalt Sel\u00e7uk Ermumcu absolvierte 2016 das Ayd\u0131n Wissenschaftsgymnasium und 2020 die Juristische Fakult\u00e4t der Dokuz-Eyl\u00fcl-Universit\u00e4t. Er verf\u00fcgt \u00fcber sehr gute Englischkenntnisse und ist seit 2020 als eingetragener Anwalt bei der Anwaltskammer Izmir t\u00e4tig. Derzeit absolviert er ein Masterstudium im Bereich Privatrecht an der Dokuz-Eyl\u00fcl-Universit\u00e4t.<\/p>\n","protected":false},"author":1,"featured_media":0,"parent":0,"menu_order":0,"comment_status":"closed","ping_status":"closed","template":"","meta":{"footnotes":""},"class_list":["post-5933","page","type-page","status-publish","hentry"],"_links":{"self":[{"href":"https:\/\/ermumcu.av.tr\/de\/wp-json\/wp\/v2\/pages\/5933","targetHints":{"allow":["GET"]}}],"collection":[{"href":"https:\/\/ermumcu.av.tr\/de\/wp-json\/wp\/v2\/pages"}],"about":[{"href":"https:\/\/ermumcu.av.tr\/de\/wp-json\/wp\/v2\/types\/page"}],"author":[{"embeddable":true,"href":"https:\/\/ermumcu.av.tr\/de\/wp-json\/wp\/v2\/users\/1"}],"replies":[{"embeddable":true,"href":"https:\/\/ermumcu.av.tr\/de\/wp-json\/wp\/v2\/comments?post=5933"}],"version-history":[{"count":25,"href":"https:\/\/ermumcu.av.tr\/de\/wp-json\/wp\/v2\/pages\/5933\/revisions"}],"predecessor-version":[{"id":6360,"href":"https:\/\/ermumcu.av.tr\/de\/wp-json\/wp\/v2\/pages\/5933\/revisions\/6360"}],"wp:attachment":[{"href":"https:\/\/ermumcu.av.tr\/de\/wp-json\/wp\/v2\/media?parent=5933"}],"curies":[{"name":"wp","href":"https:\/\/api.w.org\/{rel}","templated":true}]}}