{"id":5928,"date":"2025-09-09T10:20:11","date_gmt":"2025-09-09T10:20:11","guid":{"rendered":"https:\/\/ermumcu.av.tr\/osman-ermumcu\/"},"modified":"2025-09-11T06:36:41","modified_gmt":"2025-09-11T06:36:41","slug":"osman-ermumcu","status":"publish","type":"page","link":"https:\/\/ermumcu.av.tr\/de\/osman-ermumcu\/","title":{"rendered":"Osman Ermumcu"},"content":{"rendered":"\t\t<div data-elementor-type=\"wp-page\" data-elementor-id=\"5928\" class=\"elementor elementor-5928 elementor-5633\" data-elementor-post-type=\"page\">\n\t\t\t\t        <section class=\"elementor-section elementor-top-section elementor-element elementor-element-c7ee906 elementor-section-stretched elementor-section-boxed elementor-section-height-default elementor-section-height-default pxl-row-scroll-none pxl-zoom-point-false pxl-section-overflow-visible pxl-section-fix-none pxl-bg-color-none pxl-section-overlay-none\" data-id=\"c7ee906\" data-element_type=\"section\" data-settings=\"{&quot;stretch_section&quot;:&quot;section-stretched&quot;}\">\n\n                \n                <div class=\"elementor-container elementor-column-gap-extended \">\n                <div class=\"elementor-column elementor-col-100 elementor-top-column elementor-element elementor-element-ca78777 pxl-column-none pxl-column-overflow-hidden-no\" data-id=\"ca78777\" data-element_type=\"column\">\r\n        <div class=\"elementor-widget-wrap elementor-element-populated\">\r\n                     \r\n        \t\t<div class=\"elementor-element elementor-element-43a7b38 elementor-widget elementor-widget-pxl_heading\" data-id=\"43a7b38\" data-element_type=\"widget\" data-widget_type=\"pxl_heading.default\">\n\t\t\t\t<div class=\"elementor-widget-container\">\n\t\t\t\t\t\n<div id=\"pxl-pxl_heading-43a7b38-4840\" class=\"pxl-heading px-sub-title-default-style \">\n\t<div class=\"pxl-heading--inner\">\n\t\t\n\t\t<h3 class=\"pxl-item--title style-default highlight-default \" data-wow-delay=\"ms\">\n\n\t\t\t<span class=\"pxl-heading--text ct-heading--text\">\n\n\t\t\t\t\t\t\t\t\tOsman Ermumcu\t\n\t\t\t\t\t\n\n\t\t\t<\/span>\n\n\t\t<\/h3>\n\t\t            <div class=\"pxl-gap\">\n\t\t\t\t<span>\n\t\t\t\t\t<i><\/i><i><\/i><i><\/i><i><\/i>\n\t\t\t\t<\/span>\n            <\/div>\n        \t\t\n\t<\/div>\n<\/div>\t\t\t\t<\/div>\n\t\t\t\t<\/div>\n\t\t            <\/div>\r\n        <\/div>\r\n        \t\t\t<\/div>\n\t\t<\/section>\n\t\t        <section class=\"elementor-section elementor-top-section elementor-element elementor-element-68b32a0 elementor-section-stretched elementor-section-boxed elementor-section-height-default elementor-section-height-default pxl-row-scroll-none pxl-zoom-point-false pxl-section-overflow-visible pxl-section-fix-none pxl-bg-color-none pxl-section-overlay-none\" data-id=\"68b32a0\" data-element_type=\"section\" data-settings=\"{&quot;stretch_section&quot;:&quot;section-stretched&quot;}\">\n\n                \n                <div class=\"elementor-container elementor-column-gap-extended \">\n                <div class=\"elementor-column elementor-col-100 elementor-top-column elementor-element elementor-element-e5f3bf9 pxl-column-none pxl-column-overflow-hidden-no\" data-id=\"e5f3bf9\" data-element_type=\"column\">\r\n        <div class=\"elementor-widget-wrap elementor-element-populated\">\r\n                     \r\n        \t\t<div class=\"elementor-element elementor-element-3a2c8c9 elementor-widget-divider--view-line elementor-widget elementor-widget-divider\" data-id=\"3a2c8c9\" data-element_type=\"widget\" data-widget_type=\"divider.default\">\n\t\t\t\t\t\t\t<div class=\"elementor-divider\">\n\t\t\t<span class=\"elementor-divider-separator\">\n\t\t\t\t\t\t<\/span>\n\t\t<\/div>\n\t\t\t\t\t\t<\/div>\n\t\t        <section class=\"elementor-section elementor-inner-section elementor-element elementor-element-8211848 elementor-section-boxed elementor-section-height-default elementor-section-height-default pxl-row-scroll-none pxl-zoom-point-false pxl-section-overflow-visible pxl-section-fix-none pxl-bg-color-none pxl-section-overlay-none\" data-id=\"8211848\" data-element_type=\"section\">\n\n                \n                <div class=\"elementor-container elementor-column-gap-default \">\n                <div class=\"elementor-column elementor-col-50 elementor-inner-column elementor-element elementor-element-3eea6b4 pxl-column-none pxl-column-overflow-hidden-no\" data-id=\"3eea6b4\" data-element_type=\"column\">\r\n        <div class=\"elementor-widget-wrap elementor-element-populated\">\r\n                     \r\n        \t\t<div class=\"elementor-element elementor-element-b376bf0 teamDetails elementor-widget elementor-widget-pxl_team_carousel\" data-id=\"b376bf0\" data-element_type=\"widget\" data-widget_type=\"pxl_team_carousel.default\">\n\t\t\t\t<div class=\"elementor-widget-container\">\n\t\t\t\t\t    <div class=\"pxl-swiper-slider pxl-team pxl-team-carousel2 pxl-team-layout2\" >\n        <div class=\"pxl-carousel-inner\">\n            <div class=\"pxl-swiper-container\" dir=\"ltr\" data-settings=\"{&quot;slide_direction&quot;:&quot;horizontal&quot;,&quot;slide_percolumn&quot;:1,&quot;slide_mode&quot;:&quot;slide&quot;,&quot;slides_to_show&quot;:1,&quot;slides_to_show_xxl&quot;:1,&quot;slides_to_show_lg&quot;:1,&quot;slides_to_show_md&quot;:1,&quot;slides_to_show_sm&quot;:1,&quot;slides_to_show_xs&quot;:1,&quot;slides_to_scroll&quot;:1,&quot;arrow&quot;:false,&quot;pagination&quot;:false,&quot;pagination_type&quot;:&quot;bullets&quot;,&quot;autoplay&quot;:false,&quot;pause_on_hover&quot;:false,&quot;pause_on_interaction&quot;:true,&quot;delay&quot;:5000,&quot;loop&quot;:false,&quot;speed&quot;:500}\">\n                <div class=\"pxl-swiper-wrapper\">\n                    \n                        <div class=\"pxl-swiper-slide\">\n                            <div class=\"pxl-item--inner \" data-wow-delay=\"ms\">\n                                                                    <div class=\"pxl-item--image\">\n                                                                                    <img fetchpriority=\"high\" decoding=\"async\" class=\"no-lazyload \" src=\"https:\/\/ermumcu.av.tr\/wp-content\/uploads\/2025\/09\/osman-ermumcu1.png\" width=\"300\" height=\"300\" alt=\"osman-ermumcu1\" title=\"osman-ermumcu1\" \/>                                                                            <\/div>\n                                                                <div class=\"pxl-item--holder\">\n                                    <h3 class=\"pxl-item--title\">Osman Ermumcu<\/h3>\n                                    <div class=\"pxl-item--position\"><span>Rechtsanwalt, Mediator<\/span><\/div>\n                                                                            <div class=\"team-info\">\n                                            <div class=\"team-info-inner\">\n                                            <h3 class=\"pxl-title-icon\"><\/h3>\n                                                <div class=\"pxl-item--social\">\n                                                                                                    <\/div>\n                                            <\/div>\n                                        <\/div>\n                                                                        <\/div>\n                           <\/div>\n                        <\/div>\n                                    <\/div>\n            <\/div>\n            \n            \n                        \n        <\/div>\n    <\/div>\n\t\t\t\t<\/div>\n\t\t\t\t<\/div>\n\t\t\t\t<div class=\"elementor-element elementor-element-ed4fd8a elementor-widget elementor-widget-pxl_link\" data-id=\"ed4fd8a\" data-element_type=\"widget\" data-widget_type=\"pxl_link.default\">\n\t\t\t\t<div class=\"elementor-widget-container\">\n\t\t\t\t\t<div class=\"pxl-link-wrap\">\r\n    <h3 class=\"pxl-widget-title pxl-empty\"><\/h3>\r\n            <ul id=\"pxl-link-pxl_link-ed4fd8a-9491\" class=\"pxl-link pxl-link-l1 style-default type-horizontal\">\r\n                                <li class=\"pxl-item--link  \">\r\n                        <a class=\"\" href=\"mailto:oermumcu@gmail.com \">\r\n                                                            <span class=\"pxl-link--icon bg-normal\">\r\n                                    <i aria-hidden=\"true\" class=\"fas fa-mail-bulk\"><\/i>                                <\/span>\r\n                                                        <span class=\"pxl-link--text\">oermumcu@gmail.com <\/span>\r\n                        <\/a>\r\n                    <\/li>\r\n                    <\/ul>\r\n    <\/div>\t\t\t\t<\/div>\n\t\t\t\t<\/div>\n\t\t            <\/div>\r\n        <\/div>\r\n                <div class=\"elementor-column elementor-col-50 elementor-inner-column elementor-element elementor-element-0f38763 pxl-column-none pxl-column-overflow-hidden-no\" data-id=\"0f38763\" data-element_type=\"column\">\r\n        <div class=\"elementor-widget-wrap elementor-element-populated\">\r\n                     \r\n        \t\t<div class=\"elementor-element elementor-element-d55daec text-editor-team-details elementor-widget elementor-widget-pxl_text_editor\" data-id=\"d55daec\" data-element_type=\"widget\" data-widget_type=\"pxl_text_editor.default\">\n\t\t\t\t<div class=\"elementor-widget-container\">\n\t\t\t\t\t<div class=\"pxl-text-editor highlight-gradient\">\n\t<div class=\"pxl-item--inner  \">\n\t\t<div class=\"content-container span9\"><section id=\"main_content\"><div class=\"vc_custom_1484311707199\"><div class=\"container\"><div class=\"vc_row wpb_row vc_row-fluid\"><div class=\"wpb_column vc_column_container vc_col-sm-12\"><div class=\"vc_column-inner \"><div class=\"wpb_wrapper\"><div class=\"wpb_text_column wpb_content_element \"><div class=\"wpb_wrapper\"><div class=\"vc_custom_1484311707199\"><div class=\"container\"><div class=\"vc_row wpb_row vc_row-fluid\"><div class=\"wpb_column vc_column_container vc_col-sm-12\"><div class=\"vc_column-inner \"><div class=\"wpb_wrapper\"><div class=\"wpb_text_column wpb_content_element \"><div class=\"wpb_wrapper\"><p class=\"p1\">Nachdem er 1988 die Juristische Fakult\u00e4t der Universit\u00e4t Ankara abgeschlossen hatte, absolvierte er sein Referendariat bei der Anwaltskammer Denizli und erhielt seine Anwaltszulassung.<\/p><p class=\"p1\">1990 begann Osman Ermumcu seine berufliche Laufbahn als Richteranw\u00e4rter in der Verwaltungsgerichtsbarkeit und war viele Jahre in verschiedenen Instanzen der Verwaltungsgerichte t\u00e4tig. Im Jahr 2019 trat er in den Ruhestand und schloss sich der Ermumcu Rechtsanwaltskanzlei an.<\/p><p class=\"p1\">2011 schloss Osman Ermumcu seinen Master im Bereich \u00d6ffentliches Recht an der Sel\u00e7uk Universit\u00e4t ab und ist seit 2019 als bei der Anwaltskammer Izmir eingetragener Rechtsanwalt t\u00e4tig.<\/p><\/div><\/div><\/div><\/div><\/div><\/div><\/div><\/div><\/div><\/div><\/div><\/div><\/div><\/div><\/div><\/div><\/section><\/div>\t\t\n\t<\/div>\n<\/div>\t\t\t\t<\/div>\n\t\t\t\t<\/div>\n\t\t\t\t<div class=\"elementor-element elementor-element-126af5e elementor-widget__width-initial elementor-widget elementor-widget-heading\" data-id=\"126af5e\" data-element_type=\"widget\" data-widget_type=\"heading.default\">\n\t\t\t\t\t<h3 class=\"elementor-heading-title elementor-size-default\">Berufsausbildungen<\/h3>\t\t\t\t<\/div>\n\t\t\t\t<div class=\"elementor-element elementor-element-3d0f244 elementor-widget-divider--view-line elementor-widget elementor-widget-divider\" data-id=\"3d0f244\" data-element_type=\"widget\" data-widget_type=\"divider.default\">\n\t\t\t\t\t\t\t<div class=\"elementor-divider\">\n\t\t\t<span class=\"elementor-divider-separator\">\n\t\t\t\t\t\t<\/span>\n\t\t<\/div>\n\t\t\t\t\t\t<\/div>\n\t\t\t\t<div class=\"elementor-element elementor-element-fe00a57 text-editor-team-details elementor-widget elementor-widget-pxl_text_editor\" data-id=\"fe00a57\" data-element_type=\"widget\" data-widget_type=\"pxl_text_editor.default\">\n\t\t\t\t<div class=\"elementor-widget-container\">\n\t\t\t\t\t<div class=\"pxl-text-editor highlight-gradient\">\n\t<div class=\"pxl-item--inner  \">\n\t\t<div class=\"content-container span9\"><section id=\"main_content\"><div class=\"vc_custom_1484311707199\"><div class=\"container\"><div class=\"vc_row wpb_row vc_row-fluid\"><div class=\"wpb_column vc_column_container vc_col-sm-12\"><div class=\"vc_column-inner \"><div class=\"wpb_wrapper\"><div class=\"wpb_text_column wpb_content_element \"><div class=\"wpb_wrapper\"><div class=\"vc_custom_1484311764696\"><div class=\"container\"><div class=\"vc_row wpb_row vc_row-fluid\"><div class=\"wpb_column vc_column_container vc_col-sm-12\"><div class=\"vc_column-inner \"><div class=\"wpb_wrapper\"><div class=\"wpb_text_column wpb_content_element \"><div class=\"wpb_wrapper\"><ul><li class=\"p1\">ISTAC Schiedsrichterausbildung \u2013 2020<\/li><li class=\"p1\">\u0130n\u00f6n\u00fc Universit\u00e4t \u2013 Spezialisierungsausbildung Mediation im Arbeitsrecht \u2013 2018<\/li><li class=\"p1\">Justizministerium \u2013 St\u00e4rkung der Beziehungen zwischen Massenmedien und Justiz \u2013 2014<\/li><li class=\"p1\">T\u00fcrkische Justizakademie \u2013 Anwendung des Gesetzes Nr. 4483 \u00fcber die Strafverfolgung von Beamten und anderen \u00f6ffentlichen Bediensteten \u2013 2014<\/li><li class=\"p1\">Istanbul K\u00fclt\u00fcr Universit\u00e4t \u2013 Fall Temel u. a. gegen T\u00fcrkei \u2013 2014<\/li><li class=\"p1\">Oberster Verwaltungsgerichtshof (Dan\u0131\u015ftay) \u2013 Beitrag und Teilnahme am Workshop zur Vorbereitung des Strategischen Plans 2014\u20132018 \u2013 2013<\/li><li class=\"p1\">T\u00fcrkische Justizakademie \u2013 2012<\/li><li class=\"p1\">Stiftung f\u00fcr Internationales Recht und Gerechtigkeit, Zivilprozess- und Insolvenzrechtler \u2013 Bewertung der Zivilprozessordnung \u2013 2012<\/li><li class=\"p1\">T\u00fcrkische Justizakademie \u2013 Hoher Rat der Richter und Staatsanw\u00e4lte \/ Berufsbegleitende Ausbildung \u2013 2012<\/li><li class=\"p1\">Justizministerium, Ausbildungsabteilung \u2013 UYAP-Fernlernprogramm \u2013 2009<\/li><li class=\"p1\">Justizministerium, Ausbildungsabteilung \u2013 Ermittlungsverfahren f\u00fcr Beamte und \u00f6ffentliche Bedienstete \u2013 2008<\/li><li class=\"p1\">T\u00fcrkische Justizakademie \u2013 \u201eJustizverwaltung im Lichte der wirtschaftlichen, sozialen, kulturellen Entwicklungen und der Ver\u00e4nderungen im Bereich der Menschenrechte in der Welt und in unserem Land\u201c \u2013 2005<\/li><li class=\"p1\">Justizministerium, Ausbildungsabteilung \u2013 Seminar zur Bewertung und Methodik von Menschenrechtstrainern \u2013 2004<\/li><li class=\"p1\">Justizministerium \u2013 Europ\u00e4ische Menschenrechtskonvention und Rechtsprechung des Europ\u00e4ischen Gerichtshofs f\u00fcr Menschenrechte \u2013 2004<\/li><li class=\"p1\">Europ\u00e4ische Kommission &amp; Europarat &amp; Justizministerium \u2013 Ausbildung von Trainern zur Europ\u00e4ischen Menschenrechtskonvention und zur Rechtsprechung des EGMR \u2013 2003<\/li><li class=\"p1\">Justizministerium &amp; Britische Botschaft \u2013 Menschenrechtsausbildungsprojekt f\u00fcr Richter und Staatsanw\u00e4lte \u2013 2003<\/li><li class=\"p1\">Justizministerium, Ausbildungsabteilung \u2013 Seminar Rechtsmedizin \u2013 2001<\/li><\/ul><\/div><\/div><\/div><\/div><\/div><\/div><\/div><\/div><\/div><\/div><\/div><\/div><\/div><\/div><\/div><\/div><\/section><\/div>\t\t\n\t<\/div>\n<\/div>\t\t\t\t<\/div>\n\t\t\t\t<\/div>\n\t\t            <\/div>\r\n        <\/div>\r\n        \t\t\t<\/div>\n\t\t<\/section>\n\t\t            <\/div>\r\n        <\/div>\r\n        \t\t\t<\/div>\n\t\t<\/section>\n\t\t\t\t<\/div>\n\t\t","protected":false},"excerpt":{"rendered":"<p>Osman Ermumcu Osman Ermumcu Rechtsanwalt, Mediator oermumcu@gmail.com Nachdem er 1988 die Juristische Fakult\u00e4t der Universit\u00e4t Ankara abgeschlossen hatte, absolvierte er sein Referendariat bei der Anwaltskammer Denizli und erhielt seine Anwaltszulassung. 1990 begann Osman Ermumcu seine berufliche Laufbahn als Richteranw\u00e4rter in der Verwaltungsgerichtsbarkeit und war viele Jahre in verschiedenen Instanzen der Verwaltungsgerichte t\u00e4tig. Im Jahr 2019 [&hellip;]<\/p>\n","protected":false},"author":1,"featured_media":0,"parent":0,"menu_order":0,"comment_status":"closed","ping_status":"closed","template":"","meta":{"footnotes":""},"class_list":["post-5928","page","type-page","status-publish","hentry"],"_links":{"self":[{"href":"https:\/\/ermumcu.av.tr\/de\/wp-json\/wp\/v2\/pages\/5928","targetHints":{"allow":["GET"]}}],"collection":[{"href":"https:\/\/ermumcu.av.tr\/de\/wp-json\/wp\/v2\/pages"}],"about":[{"href":"https:\/\/ermumcu.av.tr\/de\/wp-json\/wp\/v2\/types\/page"}],"author":[{"embeddable":true,"href":"https:\/\/ermumcu.av.tr\/de\/wp-json\/wp\/v2\/users\/1"}],"replies":[{"embeddable":true,"href":"https:\/\/ermumcu.av.tr\/de\/wp-json\/wp\/v2\/comments?post=5928"}],"version-history":[{"count":16,"href":"https:\/\/ermumcu.av.tr\/de\/wp-json\/wp\/v2\/pages\/5928\/revisions"}],"predecessor-version":[{"id":6369,"href":"https:\/\/ermumcu.av.tr\/de\/wp-json\/wp\/v2\/pages\/5928\/revisions\/6369"}],"wp:attachment":[{"href":"https:\/\/ermumcu.av.tr\/de\/wp-json\/wp\/v2\/media?parent=5928"}],"curies":[{"name":"wp","href":"https:\/\/api.w.org\/{rel}","templated":true}]}}