{"id":5915,"date":"2024-10-23T09:18:05","date_gmt":"2024-10-23T09:18:05","guid":{"rendered":"https:\/\/ermumcu.av.tr\/fidan-ermumcu\/"},"modified":"2025-09-11T06:21:10","modified_gmt":"2025-09-11T06:21:10","slug":"fidan-ermumcu","status":"publish","type":"page","link":"https:\/\/ermumcu.av.tr\/de\/fidan-ermumcu\/","title":{"rendered":"Fidan Ermumcu"},"content":{"rendered":"\t\t<div data-elementor-type=\"wp-page\" data-elementor-id=\"5915\" class=\"elementor elementor-5915 elementor-2538\" data-elementor-post-type=\"page\">\n\t\t\t\t        <section class=\"elementor-section elementor-top-section elementor-element elementor-element-c7ee906 elementor-section-stretched elementor-section-boxed elementor-section-height-default elementor-section-height-default pxl-row-scroll-none pxl-zoom-point-false pxl-section-overflow-visible pxl-section-fix-none pxl-bg-color-none pxl-section-overlay-none\" data-id=\"c7ee906\" data-element_type=\"section\" data-settings=\"{&quot;stretch_section&quot;:&quot;section-stretched&quot;}\">\n\n                \n                <div class=\"elementor-container elementor-column-gap-extended \">\n                <div class=\"elementor-column elementor-col-100 elementor-top-column elementor-element elementor-element-ca78777 pxl-column-none pxl-column-overflow-hidden-no\" data-id=\"ca78777\" data-element_type=\"column\">\r\n        <div class=\"elementor-widget-wrap elementor-element-populated\">\r\n                     \r\n        \t\t<div class=\"elementor-element elementor-element-43a7b38 elementor-widget elementor-widget-pxl_heading\" data-id=\"43a7b38\" data-element_type=\"widget\" data-widget_type=\"pxl_heading.default\">\n\t\t\t\t<div class=\"elementor-widget-container\">\n\t\t\t\t\t\n<div id=\"pxl-pxl_heading-43a7b38-9578\" class=\"pxl-heading px-sub-title-default-style \">\n\t<div class=\"pxl-heading--inner\">\n\t\t\n\t\t<h3 class=\"pxl-item--title style-default highlight-default \" data-wow-delay=\"ms\">\n\n\t\t\t<span class=\"pxl-heading--text ct-heading--text\">\n\n\t\t\t\t\t\t\t\t\tFidan Ermumcu\t\n\t\t\t\t\t\n\n\t\t\t<\/span>\n\n\t\t<\/h3>\n\t\t            <div class=\"pxl-gap\">\n\t\t\t\t<span>\n\t\t\t\t\t<i><\/i><i><\/i><i><\/i><i><\/i>\n\t\t\t\t<\/span>\n            <\/div>\n        \t\t\n\t<\/div>\n<\/div>\t\t\t\t<\/div>\n\t\t\t\t<\/div>\n\t\t            <\/div>\r\n        <\/div>\r\n        \t\t\t<\/div>\n\t\t<\/section>\n\t\t        <section class=\"elementor-section elementor-top-section elementor-element elementor-element-68b32a0 elementor-section-stretched elementor-section-boxed elementor-section-height-default elementor-section-height-default pxl-row-scroll-none pxl-zoom-point-false pxl-section-overflow-visible pxl-section-fix-none pxl-bg-color-none pxl-section-overlay-none\" data-id=\"68b32a0\" data-element_type=\"section\" data-settings=\"{&quot;stretch_section&quot;:&quot;section-stretched&quot;}\">\n\n                \n                <div class=\"elementor-container elementor-column-gap-extended \">\n                <div class=\"elementor-column elementor-col-100 elementor-top-column elementor-element elementor-element-e5f3bf9 pxl-column-none pxl-column-overflow-hidden-no\" data-id=\"e5f3bf9\" data-element_type=\"column\">\r\n        <div class=\"elementor-widget-wrap elementor-element-populated\">\r\n                     \r\n                <section class=\"elementor-section elementor-inner-section elementor-element elementor-element-8211848 elementor-section-boxed elementor-section-height-default elementor-section-height-default pxl-row-scroll-none pxl-zoom-point-false pxl-section-overflow-visible pxl-section-fix-none pxl-bg-color-none pxl-section-overlay-none\" data-id=\"8211848\" data-element_type=\"section\">\n\n                \n                <div class=\"elementor-container elementor-column-gap-default \">\n                <div class=\"elementor-column elementor-col-50 elementor-inner-column elementor-element elementor-element-3eea6b4 pxl-column-none pxl-column-overflow-hidden-no\" data-id=\"3eea6b4\" data-element_type=\"column\">\r\n        <div class=\"elementor-widget-wrap elementor-element-populated\">\r\n                     \r\n        \t\t<div class=\"elementor-element elementor-element-b376bf0 teamDetails elementor-widget elementor-widget-pxl_team_carousel\" data-id=\"b376bf0\" data-element_type=\"widget\" data-widget_type=\"pxl_team_carousel.default\">\n\t\t\t\t<div class=\"elementor-widget-container\">\n\t\t\t\t\t    <div class=\"pxl-swiper-slider pxl-team pxl-team-carousel2 pxl-team-layout2\" >\n        <div class=\"pxl-carousel-inner\">\n            <div class=\"pxl-swiper-container\" dir=\"ltr\" data-settings=\"{&quot;slide_direction&quot;:&quot;horizontal&quot;,&quot;slide_percolumn&quot;:1,&quot;slide_mode&quot;:&quot;slide&quot;,&quot;slides_to_show&quot;:1,&quot;slides_to_show_xxl&quot;:1,&quot;slides_to_show_lg&quot;:1,&quot;slides_to_show_md&quot;:1,&quot;slides_to_show_sm&quot;:1,&quot;slides_to_show_xs&quot;:1,&quot;slides_to_scroll&quot;:1,&quot;arrow&quot;:false,&quot;pagination&quot;:false,&quot;pagination_type&quot;:&quot;bullets&quot;,&quot;autoplay&quot;:false,&quot;pause_on_hover&quot;:false,&quot;pause_on_interaction&quot;:true,&quot;delay&quot;:5000,&quot;loop&quot;:false,&quot;speed&quot;:500}\">\n                <div class=\"pxl-swiper-wrapper\">\n                    \n                        <div class=\"pxl-swiper-slide\">\n                            <div class=\"pxl-item--inner \" data-wow-delay=\"ms\">\n                                                                    <div class=\"pxl-item--image\">\n                                                                                    <img fetchpriority=\"high\" decoding=\"async\" class=\"no-lazyload \" src=\"https:\/\/ermumcu.av.tr\/wp-content\/uploads\/2025\/09\/fid.png\" width=\"300\" height=\"300\" alt=\"fid\" title=\"fid\" \/>                                                                            <\/div>\n                                                                <div class=\"pxl-item--holder\">\n                                    <h3 class=\"pxl-item--title\">Fidan Ermumcu<\/h3>\n                                    <div class=\"pxl-item--position\"><span>Rechtsanw\u00e4ltin<\/span><\/div>\n                                                                            <div class=\"team-info\">\n                                            <div class=\"team-info-inner\">\n                                            <h3 class=\"pxl-title-icon\"><\/h3>\n                                                <div class=\"pxl-item--social\">\n                                                                                                    <\/div>\n                                            <\/div>\n                                        <\/div>\n                                                                        <\/div>\n                           <\/div>\n                        <\/div>\n                                    <\/div>\n            <\/div>\n            \n            \n                        \n        <\/div>\n    <\/div>\n\t\t\t\t<\/div>\n\t\t\t\t<\/div>\n\t\t\t\t<div class=\"elementor-element elementor-element-ed4fd8a elementor-widget elementor-widget-pxl_link\" data-id=\"ed4fd8a\" data-element_type=\"widget\" data-widget_type=\"pxl_link.default\">\n\t\t\t\t<div class=\"elementor-widget-container\">\n\t\t\t\t\t<div class=\"pxl-link-wrap\">\r\n    <h3 class=\"pxl-widget-title pxl-empty\"><\/h3>\r\n            <ul id=\"pxl-link-pxl_link-ed4fd8a-5688\" class=\"pxl-link pxl-link-l1 style-default type-horizontal\">\r\n                                <li class=\"pxl-item--link  \">\r\n                        <a class=\"\" href=\"mailto:f_ermumcu@hotmail.com\">\r\n                                                            <span class=\"pxl-link--icon bg-normal\">\r\n                                    <i aria-hidden=\"true\" class=\"fas fa-mail-bulk\"><\/i>                                <\/span>\r\n                                                        <span class=\"pxl-link--text\">f_ermumcu@hotmail.com<\/span>\r\n                        <\/a>\r\n                    <\/li>\r\n                    <\/ul>\r\n    <\/div>\t\t\t\t<\/div>\n\t\t\t\t<\/div>\n\t\t            <\/div>\r\n        <\/div>\r\n                <div class=\"elementor-column elementor-col-50 elementor-inner-column elementor-element elementor-element-0f38763 pxl-column-none pxl-column-overflow-hidden-no\" data-id=\"0f38763\" data-element_type=\"column\">\r\n        <div class=\"elementor-widget-wrap elementor-element-populated\">\r\n                     \r\n        \t\t<div class=\"elementor-element elementor-element-d55daec text-editor-team-details elementor-widget elementor-widget-pxl_text_editor\" data-id=\"d55daec\" data-element_type=\"widget\" data-widget_type=\"pxl_text_editor.default\">\n\t\t\t\t<div class=\"elementor-widget-container\">\n\t\t\t\t\t<div class=\"pxl-text-editor highlight-gradient\">\n\t<div class=\"pxl-item--inner  \">\n\t\t<div class=\"content-container span9\"><section id=\"main_content\"><div class=\"vc_custom_1484311707199\"><div class=\"container\"><div class=\"vc_row wpb_row vc_row-fluid\"><div class=\"wpb_column vc_column_container vc_col-sm-12\"><div class=\"vc_column-inner \"><div class=\"wpb_wrapper\"><div class=\"wpb_text_column wpb_content_element \"><div class=\"wpb_wrapper\"><p class=\"p1\">Sie hat 2015 die Juristische Fakult\u00e4t der Dokuz-Eyl\u00fcl-Universit\u00e4t abgeschlossen. An der Mittelmeer-Universit\u00e4t absolvierte sie ihren Master im Bereich \u00d6ffentliches Recht und setzt derzeit ihr Promotionsstudium an der Dokuz-Eyl\u00fcl-Universit\u00e4t fort.<\/p><p class=\"p1\">Seit 2016 ist Fidan Ermumcu als bei der Anwaltskammer Izmir eingetragene Rechtsanw\u00e4ltin t\u00e4tig. Sie spricht flie\u00dfend Englisch und Deutsch und bietet ihren Mandanten auch in diesen Sprachen professionelle Rechtsdienstleistungen an.<\/p><p class=\"p1\">Seit 2022 lehrt sie an der Universit\u00e4t Trier in Deutschland T\u00fcrkisches Recht und leistet insbesondere t\u00fcrkischen Staatsb\u00fcrgern, die in Deutschland leben, wirksame rechtliche Unterst\u00fctzung bei ihren rechtlichen Problemen.<\/p><\/div><\/div><\/div><\/div><\/div><\/div><\/div><\/div><\/section><\/div>\t\t\n\t<\/div>\n<\/div>\t\t\t\t<\/div>\n\t\t\t\t<\/div>\n\t\t\t\t<div class=\"elementor-element elementor-element-126af5e elementor-widget__width-initial elementor-widget elementor-widget-heading\" data-id=\"126af5e\" data-element_type=\"widget\" data-widget_type=\"heading.default\">\n\t\t\t\t\t<h3 class=\"elementor-heading-title elementor-size-default\">Berufsausbildungen<\/h3>\t\t\t\t<\/div>\n\t\t\t\t<div class=\"elementor-element elementor-element-f65a12c elementor-widget-divider--view-line elementor-widget elementor-widget-divider\" data-id=\"f65a12c\" data-element_type=\"widget\" data-widget_type=\"divider.default\">\n\t\t\t\t\t\t\t<div class=\"elementor-divider\">\n\t\t\t<span class=\"elementor-divider-separator\">\n\t\t\t\t\t\t<\/span>\n\t\t<\/div>\n\t\t\t\t\t\t<\/div>\n\t\t\t\t<div class=\"elementor-element elementor-element-fe00a57 text-editor-team-details elementor-widget elementor-widget-pxl_text_editor\" data-id=\"fe00a57\" data-element_type=\"widget\" data-widget_type=\"pxl_text_editor.default\">\n\t\t\t\t<div class=\"elementor-widget-container\">\n\t\t\t\t\t<div class=\"pxl-text-editor highlight-gradient\">\n\t<div class=\"pxl-item--inner  \">\n\t\t<div class=\"content-container span9\"><section id=\"main_content\"><div class=\"vc_custom_1484311707199\"><div class=\"container\"><div class=\"vc_row wpb_row vc_row-fluid\"><div class=\"wpb_column vc_column_container vc_col-sm-12\"><div class=\"vc_column-inner \"><div class=\"wpb_wrapper\"><div class=\"wpb_text_column wpb_content_element \"><ul><li class=\"p1\">ISTAC Schiedsrichterausbildung \u2013 2020<\/li><li class=\"p1\">T\u00fcrkische Anwaltsvereinigung &amp; Hoher Fl\u00fcchtlingskommissar der Vereinten Nationen \u2013 Ausbildung zu internationalem Schutz und Umgang mit Fl\u00fcchtlingen \u2013 2018<\/li><li class=\"p1\">Anwaltskammer Izmir \u2013 Schlichtungsausbildungsprogramm \u2013 2017<\/li><li class=\"p1\">Anwaltskammer Izmir \u2013 Strafprozessordnung (CMK) Ausbildungsprogramm \u2013 2016<\/li><li class=\"p1\">Bah\u00e7e\u015fehir Universit\u00e4t \u2013 Ausbildungsprogramm im Energierecht \u2013 2015<\/li><li class=\"p1\">Sprachcaffe \u2013 Franz\u00f6sisch-Sprachkurs (Paris) \u2013 2013<\/li><li class=\"p1\">Studio Cambridge \u2013 Englisch-Sprachkurs (Cambridge) \u2013 2012<\/li><li class=\"p1\">St Giles \u2013 Englisch-Ausbildungsprogramm (Oxford) \u2013 2011<\/li><\/ul><\/div><\/div><\/div><\/div><\/div><\/div><\/div><\/section><\/div>\t\t\n\t<\/div>\n<\/div>\t\t\t\t<\/div>\n\t\t\t\t<\/div>\n\t\t            <\/div>\r\n        <\/div>\r\n        \t\t\t<\/div>\n\t\t<\/section>\n\t\t            <\/div>\r\n        <\/div>\r\n        \t\t\t<\/div>\n\t\t<\/section>\n\t\t\t\t<\/div>\n\t\t","protected":false},"excerpt":{"rendered":"<p>Fidan Ermumcu Fidan Ermumcu Rechtsanw\u00e4ltin f_ermumcu@hotmail.com Sie hat 2015 die Juristische Fakult\u00e4t der Dokuz-Eyl\u00fcl-Universit\u00e4t abgeschlossen. An der Mittelmeer-Universit\u00e4t absolvierte sie ihren Master im Bereich \u00d6ffentliches Recht und setzt derzeit ihr Promotionsstudium an der Dokuz-Eyl\u00fcl-Universit\u00e4t fort. Seit 2016 ist Fidan Ermumcu als bei der Anwaltskammer Izmir eingetragene Rechtsanw\u00e4ltin t\u00e4tig. Sie spricht flie\u00dfend Englisch und Deutsch und [&hellip;]<\/p>\n","protected":false},"author":1,"featured_media":0,"parent":0,"menu_order":0,"comment_status":"closed","ping_status":"closed","template":"","meta":{"footnotes":""},"class_list":["post-5915","page","type-page","status-publish","hentry"],"_links":{"self":[{"href":"https:\/\/ermumcu.av.tr\/de\/wp-json\/wp\/v2\/pages\/5915","targetHints":{"allow":["GET"]}}],"collection":[{"href":"https:\/\/ermumcu.av.tr\/de\/wp-json\/wp\/v2\/pages"}],"about":[{"href":"https:\/\/ermumcu.av.tr\/de\/wp-json\/wp\/v2\/types\/page"}],"author":[{"embeddable":true,"href":"https:\/\/ermumcu.av.tr\/de\/wp-json\/wp\/v2\/users\/1"}],"replies":[{"embeddable":true,"href":"https:\/\/ermumcu.av.tr\/de\/wp-json\/wp\/v2\/comments?post=5915"}],"version-history":[{"count":20,"href":"https:\/\/ermumcu.av.tr\/de\/wp-json\/wp\/v2\/pages\/5915\/revisions"}],"predecessor-version":[{"id":6350,"href":"https:\/\/ermumcu.av.tr\/de\/wp-json\/wp\/v2\/pages\/5915\/revisions\/6350"}],"wp:attachment":[{"href":"https:\/\/ermumcu.av.tr\/de\/wp-json\/wp\/v2\/media?parent=5915"}],"curies":[{"name":"wp","href":"https:\/\/api.w.org\/{rel}","templated":true}]}}