{"id":5726,"date":"2024-11-22T02:53:27","date_gmt":"2024-11-22T02:53:27","guid":{"rendered":"https:\/\/ermumcu.av.tr\/unsere-taetigkeitsbereiche\/"},"modified":"2025-09-11T07:25:33","modified_gmt":"2025-09-11T07:25:33","slug":"unsere-taetigkeitsbereiche","status":"publish","type":"page","link":"https:\/\/ermumcu.av.tr\/de\/unsere-taetigkeitsbereiche\/","title":{"rendered":"Unsere T\u00e4tigkeitsbereiche"},"content":{"rendered":"\t\t<div data-elementor-type=\"wp-page\" data-elementor-id=\"5726\" class=\"elementor elementor-5726 elementor-4071\" data-elementor-post-type=\"page\">\n\t\t\t\t        <section class=\"elementor-section elementor-top-section elementor-element elementor-element-b1f2bfe elementor-section-stretched elementor-section-boxed elementor-section-height-default elementor-section-height-default pxl-row-scroll-none pxl-zoom-point-false pxl-section-overflow-visible pxl-section-fix-none pxl-bg-color-none pxl-section-overlay-none\" data-id=\"b1f2bfe\" data-element_type=\"section\" data-settings=\"{&quot;stretch_section&quot;:&quot;section-stretched&quot;,&quot;background_background&quot;:&quot;classic&quot;}\">\n\n                \n                <div class=\"elementor-container elementor-column-gap-extended \">\n                <div class=\"elementor-column elementor-col-100 elementor-top-column elementor-element elementor-element-113e5ee pxl-column-none pxl-column-overflow-hidden-no\" data-id=\"113e5ee\" data-element_type=\"column\">\r\n        <div class=\"elementor-widget-wrap elementor-element-populated\">\r\n                     \r\n        \t\t<div class=\"elementor-element elementor-element-0111f38 elementor-widget-divider--view-line elementor-widget elementor-widget-divider\" data-id=\"0111f38\" data-element_type=\"widget\" data-widget_type=\"divider.default\">\n\t\t\t\t\t\t\t<div class=\"elementor-divider\">\n\t\t\t<span class=\"elementor-divider-separator\">\n\t\t\t\t\t\t<\/span>\n\t\t<\/div>\n\t\t\t\t\t\t<\/div>\n\t\t\t\t<div class=\"elementor-element elementor-element-565757b elementor-widget elementor-widget-heading\" data-id=\"565757b\" data-element_type=\"widget\" data-widget_type=\"heading.default\">\n\t\t\t\t\t<h2 class=\"elementor-heading-title elementor-size-default\">Unsere T\u00e4tigkeitsbereiche<\/h2>\t\t\t\t<\/div>\n\t\t        <section class=\"elementor-section elementor-inner-section elementor-element elementor-element-f0cb211 elementor-section-boxed elementor-section-height-default elementor-section-height-default pxl-row-scroll-none pxl-zoom-point-false pxl-section-overflow-visible pxl-section-fix-none pxl-bg-color-none pxl-section-overlay-none\" data-id=\"f0cb211\" data-element_type=\"section\">\n\n                \n                <div class=\"elementor-container elementor-column-gap-default \">\n                <div class=\"elementor-column elementor-col-50 elementor-inner-column elementor-element elementor-element-4fa1504 pxl-column-none pxl-column-overflow-hidden-no\" data-id=\"4fa1504\" data-element_type=\"column\">\r\n        <div class=\"elementor-widget-wrap elementor-element-populated\">\r\n                     \r\n        \t\t<div class=\"elementor-element elementor-element-7db1f58 elementor-widget elementor-widget-pxl_icon_box\" data-id=\"7db1f58\" data-element_type=\"widget\" data-widget_type=\"pxl_icon_box.default\">\n\t\t\t\t<div class=\"elementor-widget-container\">\n\t\t\t\t\t<div class=\"pxl-icon-hover-beutyful\">\r\n<div class=\"pxl-icon-box pxl-icon-box3 u-hover--sparkle  \" data-wow-delay=\"ms\">\r\n                <div class=\"pxl-item--icon ct-fancybox-icon pxl-mr-32\">\r\n            <i aria-hidden=\"true\" class=\"flaticon flaticon-legal-paper\"><\/i>        <\/div>\r\n            <div class=\"pxl-item--holder\">\r\n        <h5 class=\"pxl-item--title el-empty\">Ausl\u00e4nderrecht<\/h5>\r\n        <div class=\"pxl-item--description el-empty\"><ul>\n \t<li>Durchf\u00fchrung der erforderlichen Verfahren zur Registrierung der Auslandst\u00e4tigkeiten t\u00fcrkischer Staatsangeh\u00f6riger bei der Sozialversicherungsanstalt (SGK) in der T\u00fcrkei<\/li>\n \t<li>Umfassende rechtliche Betreuung beim Erwerb von Immobilien, bei der Besch\u00e4ftigung sowie beim Aufenthalt ausl\u00e4ndischer Staatsangeh\u00f6riger in der T\u00fcrkei<\/li>\n \t<li>Vertretung in erbrechtlichen Verfahren von ausl\u00e4ndischen Staatsangeh\u00f6rigen, die Erben t\u00fcrkischer Staatsangeh\u00f6riger sind<\/li>\n \t<li>Anerkennung und Vollstreckung ausl\u00e4ndischer Gerichtsentscheidungen in der T\u00fcrkei<\/li>\n<\/ul><\/div>\r\n    <\/div>\r\n<\/div>\r\n<\/div>\t\t\t\t<\/div>\n\t\t\t\t<\/div>\n\t\t\t\t<div class=\"elementor-element elementor-element-29c5063 elementor-widget elementor-widget-pxl_icon_box\" data-id=\"29c5063\" data-element_type=\"widget\" data-widget_type=\"pxl_icon_box.default\">\n\t\t\t\t<div class=\"elementor-widget-container\">\n\t\t\t\t\t<div class=\"pxl-icon-hover-beutyful\">\r\n<div class=\"pxl-icon-box pxl-icon-box3 u-hover--sparkle  \" data-wow-delay=\"ms\">\r\n                <div class=\"pxl-item--icon ct-fancybox-icon pxl-mr-32\">\r\n            <i aria-hidden=\"true\" class=\"flaticon flaticon-legal-paper\"><\/i>        <\/div>\r\n            <div class=\"pxl-item--holder\">\r\n        <h5 class=\"pxl-item--title el-empty\">Gesellschaftsrecht<\/h5>\r\n        <div class=\"pxl-item--description el-empty\"><ul>\n \t<li>Rechtliche Beratung zu den laufenden Gesch\u00e4ftst\u00e4tigkeiten in- und ausl\u00e4ndischer Unternehmen<\/li>\n \t<li>Beratung zu Corporate Governance und Compliance mit gesetzlichen Vorschriften<\/li>\n \t<li>Begleitung bei der Gr\u00fcndung und \u00dcberwachung der Betriebsprozesse von Gesellschaften mit in- oder ausl\u00e4ndischem Kapital<\/li>\n \t<li>Gestaltung und Pr\u00fcfung von Gesellschaftervereinbarungen, Anteils\u00fcbertragungen sowie Aktienkaufvertr\u00e4gen<\/li>\n \t<li>Unterst\u00fctzung bei der Gr\u00fcndung von Zweigniederlassungen oder Repr\u00e4sentanzen in der T\u00fcrkei und im Ausland<\/li>\n \t<li>Betreuung in gesellschaftsrechtlichen Streitigkeiten, Vorbereitung und Durchf\u00fchrung von Vorstandssitzungen und Hauptversammlungen sowie Verfahren zur Kapitalerh\u00f6hung, Kapitalherabsetzung oder zum Ausschluss von Gesellschaftern<\/li>\n<\/ul><\/div>\r\n    <\/div>\r\n<\/div>\r\n<\/div>\t\t\t\t<\/div>\n\t\t\t\t<\/div>\n\t\t\t\t<div class=\"elementor-element elementor-element-7d1e785 elementor-widget elementor-widget-pxl_icon_box\" data-id=\"7d1e785\" data-element_type=\"widget\" data-widget_type=\"pxl_icon_box.default\">\n\t\t\t\t<div class=\"elementor-widget-container\">\n\t\t\t\t\t<div class=\"pxl-icon-hover-beutyful\">\r\n<div class=\"pxl-icon-box pxl-icon-box3 u-hover--sparkle  \" data-wow-delay=\"ms\">\r\n                <div class=\"pxl-item--icon ct-fancybox-icon pxl-mr-32\">\r\n            <i aria-hidden=\"true\" class=\"flaticon flaticon-legal-paper\"><\/i>        <\/div>\r\n            <div class=\"pxl-item--holder\">\r\n        <h5 class=\"pxl-item--title el-empty\">Familienrecht<\/h5>\r\n        <div class=\"pxl-item--description el-empty\"><ul>\n \t<li>Scheidungsverfahren und Eheaufhebungsverfahren<\/li>\n \t<li>Schadensersatzklagen (materiell und immateriell) im Zusammenhang mit der Scheidung<\/li>\n \t<li>Unterhalts- und Sorgerechtsverfahren<\/li>\n \t<li>Verfahren im Zusammenhang mit dem Familienwohnrecht<\/li>\n \t<li>Verfahren zur Beschr\u00e4nkung der Verf\u00fcgungsbefugnisse von Ehegatten<\/li>\n \t<li>Verfahren zu ehelichen G\u00fctervereinbarungen<\/li>\n \t<li>Anfechtung der Vaterschaft sowie Vaterschaftsklagen durch Mutter oder Kind<\/li>\n \t<li>Schadensersatzklagen (materiell und immateriell) aufgrund von Vaterschaft<\/li>\n \t<li>Adoptionsverfahren<\/li>\n \t<li>Anerkennung und Vollstreckung von ausl\u00e4ndischen Sorgerechtsentscheidungen<\/li>\n<\/ul><\/div>\r\n    <\/div>\r\n<\/div>\r\n<\/div>\t\t\t\t<\/div>\n\t\t\t\t<\/div>\n\t\t\t\t<div class=\"elementor-element elementor-element-b34445c elementor-widget elementor-widget-pxl_icon_box\" data-id=\"b34445c\" data-element_type=\"widget\" data-widget_type=\"pxl_icon_box.default\">\n\t\t\t\t<div class=\"elementor-widget-container\">\n\t\t\t\t\t<div class=\"pxl-icon-hover-beutyful\">\r\n<div class=\"pxl-icon-box pxl-icon-box3 u-hover--sparkle  \" data-wow-delay=\"ms\">\r\n                <div class=\"pxl-item--icon ct-fancybox-icon pxl-mr-32\">\r\n            <i aria-hidden=\"true\" class=\"flaticon flaticon-legal-paper\"><\/i>        <\/div>\r\n            <div class=\"pxl-item--holder\">\r\n        <h5 class=\"pxl-item--title el-empty\">Strafrecht<\/h5>\r\n        <div class=\"pxl-item--description el-empty\"><ul>\n \t<li>Verteidigung und Vertretung in Strafverfahren nach dem T\u00fcrkischen Strafgesetzbuch, der Strafprozessordnung und anderen einschl\u00e4gigen Strafgesetzen<\/li>\n \t<li>Einreichung von Strafanzeigen und Vertretung im Ermittlungsverfahren<\/li>\n \t<li>Beratung und Vertretung in Mediationen<\/li>\n \t<li><strong>Mediation:<\/strong> Ein freiwilliges alternatives Streitbeilegungsverfahren, das die Parteien unter Leitung eines neutralen und unparteiischen Mediators bei der Konfliktl\u00f6sung unterst\u00fctzt<\/li>\n<\/ul><\/div>\r\n    <\/div>\r\n<\/div>\r\n<\/div>\t\t\t\t<\/div>\n\t\t\t\t<\/div>\n\t\t\t\t<div class=\"elementor-element elementor-element-5a79052 elementor-widget elementor-widget-pxl_icon_box\" data-id=\"5a79052\" data-element_type=\"widget\" data-widget_type=\"pxl_icon_box.default\">\n\t\t\t\t<div class=\"elementor-widget-container\">\n\t\t\t\t\t<div class=\"pxl-icon-hover-beutyful\">\r\n<div class=\"pxl-icon-box pxl-icon-box3 u-hover--sparkle  \" data-wow-delay=\"ms\">\r\n                <div class=\"pxl-item--icon ct-fancybox-icon pxl-mr-32\">\r\n            <i aria-hidden=\"true\" class=\"flaticon flaticon-legal-paper\"><\/i>        <\/div>\r\n            <div class=\"pxl-item--holder\">\r\n        <h5 class=\"pxl-item--title el-empty\">Mediationsdienste<\/h5>\r\n        <div class=\"pxl-item--description el-empty\">Mediation ist ein freiwilliges alternatives Streitbeilegungsverfahren, das die Parteien zusammenf\u00fchrt, um zu kommunizieren und zu verhandeln, um ihren Konflikt zu l\u00f6sen, und das mit der Teilnahme eines neutralen und unparteiischen Mediators durchgef\u00fchrt wird.<\/div>\r\n    <\/div>\r\n<\/div>\r\n<\/div>\t\t\t\t<\/div>\n\t\t\t\t<\/div>\n\t\t\t\t<div class=\"elementor-element elementor-element-55e4417 elementor-widget elementor-widget-pxl_icon_box\" data-id=\"55e4417\" data-element_type=\"widget\" data-widget_type=\"pxl_icon_box.default\">\n\t\t\t\t<div class=\"elementor-widget-container\">\n\t\t\t\t\t<div class=\"pxl-icon-hover-beutyful\">\r\n<div class=\"pxl-icon-box pxl-icon-box3 u-hover--sparkle  \" data-wow-delay=\"ms\">\r\n                <div class=\"pxl-item--icon ct-fancybox-icon pxl-mr-32\">\r\n            <i aria-hidden=\"true\" class=\"flaticon flaticon-legal-paper\"><\/i>        <\/div>\r\n            <div class=\"pxl-item--holder\">\r\n        <h5 class=\"pxl-item--title el-empty\">Sportrecht<\/h5>\r\n        <div class=\"pxl-item--description el-empty\"><ul>\n \t<li>Erstellung von Vertr\u00e4gen zwischen Profisportlern und Vereinen<\/li>\n \t<li>Rechtliche Begleitung von Transfer-, Lizenz- und Disziplinarverfahren<\/li>\n \t<li>Streitbeilegung vor nationalen und internationalen Sportverb\u00e4nden<\/li>\n \t<li>Sponsoring-, Werbe- und \u00dcbertragungsrechtevertr\u00e4ge<\/li>\n<\/ul><\/div>\r\n    <\/div>\r\n<\/div>\r\n<\/div>\t\t\t\t<\/div>\n\t\t\t\t<\/div>\n\t\t            <\/div>\r\n        <\/div>\r\n                <div class=\"elementor-column elementor-col-50 elementor-inner-column elementor-element elementor-element-c9cfc38 pxl-column-none pxl-column-overflow-hidden-no\" data-id=\"c9cfc38\" data-element_type=\"column\">\r\n        <div class=\"elementor-widget-wrap elementor-element-populated\">\r\n                     \r\n        \t\t<div class=\"elementor-element elementor-element-15cd351 elementor-widget elementor-widget-pxl_icon_box\" data-id=\"15cd351\" data-element_type=\"widget\" data-widget_type=\"pxl_icon_box.default\">\n\t\t\t\t<div class=\"elementor-widget-container\">\n\t\t\t\t\t<div class=\"pxl-icon-hover-beutyful\">\r\n<div class=\"pxl-icon-box pxl-icon-box3 u-hover--sparkle  \" data-wow-delay=\"ms\">\r\n                <div class=\"pxl-item--icon ct-fancybox-icon pxl-mr-32\">\r\n            <i aria-hidden=\"true\" class=\"flaticon flaticon-legal-paper\"><\/i>        <\/div>\r\n            <div class=\"pxl-item--holder\">\r\n        <h5 class=\"pxl-item--title el-empty\">Arbeits- und Sozialversicherungsrecht<\/h5>\r\n        <div class=\"pxl-item--description el-empty\"><ul>\n \t<li>Streitigkeiten im Zusammenhang mit Entsch\u00e4digungs- und Vertragsrechten<\/li>\n \t<li>Verfahren im Bereich der Sozialversicherung<\/li>\n \t<li>Gewerkschafts- und kollektivarbeitsrechtliche Angelegenheiten<\/li>\n \t<li>Dienstzeitfeststellungsklagen<\/li>\n \t<li>Gestaltung und Pr\u00fcfung von Arbeitsvertr\u00e4gen sowie arbeitsrechtlichen Dokumenten<\/li>\n \t<li>\u00dcberpr\u00fcfung von Personalrichtlinien in Unternehmen<\/li>\n \t<li>Beratung und Vertretung bei Arbeits- und Aufenthaltserlaubnissen<\/li>\n<\/ul><\/div>\r\n    <\/div>\r\n<\/div>\r\n<\/div>\t\t\t\t<\/div>\n\t\t\t\t<\/div>\n\t\t\t\t<div class=\"elementor-element elementor-element-4988e12 elementor-widget elementor-widget-pxl_icon_box\" data-id=\"4988e12\" data-element_type=\"widget\" data-widget_type=\"pxl_icon_box.default\">\n\t\t\t\t<div class=\"elementor-widget-container\">\n\t\t\t\t\t<div class=\"pxl-icon-hover-beutyful\">\r\n<div class=\"pxl-icon-box pxl-icon-box3 u-hover--sparkle  \" data-wow-delay=\"ms\">\r\n                <div class=\"pxl-item--icon ct-fancybox-icon pxl-mr-32\">\r\n            <i aria-hidden=\"true\" class=\"flaticon flaticon-legal-paper\"><\/i>        <\/div>\r\n            <div class=\"pxl-item--holder\">\r\n        <h5 class=\"pxl-item--title el-empty\">IT-Recht (Informations- und Technologierecht)<\/h5>\r\n        <div class=\"pxl-item--description el-empty\"><ul>\n \t<li>Internetrecht und elektronische Signatur<\/li>\n \t<li>E-Commerce und Telekommunikation<\/li>\n \t<li>Medien- und Unterhaltungsrecht sowie soziale Medien<\/li>\n \t<li>Datenschutz und Privatsph\u00e4re<\/li>\n \t<li>Streitigkeiten im Bereich der Informations- und Kommunikationstechnologien<\/li>\n \t<li>Pr\u00fcfung und Gestaltung von Vertr\u00e4gen im IT- und Kommunikationsbereich<\/li>\n<\/ul><\/div>\r\n    <\/div>\r\n<\/div>\r\n<\/div>\t\t\t\t<\/div>\n\t\t\t\t<\/div>\n\t\t\t\t<div class=\"elementor-element elementor-element-7a96644 elementor-widget elementor-widget-pxl_icon_box\" data-id=\"7a96644\" data-element_type=\"widget\" data-widget_type=\"pxl_icon_box.default\">\n\t\t\t\t<div class=\"elementor-widget-container\">\n\t\t\t\t\t<div class=\"pxl-icon-hover-beutyful\">\r\n<div class=\"pxl-icon-box pxl-icon-box3 u-hover--sparkle  \" data-wow-delay=\"ms\">\r\n                <div class=\"pxl-item--icon ct-fancybox-icon pxl-mr-32\">\r\n            <i aria-hidden=\"true\" class=\"flaticon flaticon-legal-paper\"><\/i>        <\/div>\r\n            <div class=\"pxl-item--holder\">\r\n        <h5 class=\"pxl-item--title el-empty\">Verwaltungsrecht<\/h5>\r\n        <div class=\"pxl-item--description el-empty\"><ul>\n \t<li>Anfechtungsklagen und Verwaltungsstreitigkeiten<\/li>\n \t<li>Verfahren im Zusammenhang mit st\u00e4dtebaulicher Umwandlung<\/li>\n \t<li>Haftungs- und Pflichtverletzungsf\u00e4lle (Malpractice)<\/li>\n \t<li>Enteignungsverfahren und F\u00e4lle unrechtm\u00e4\u00dfiger Inbesitznahme<\/li>\n \t<li>Beratung zu \u00f6ffentlichen Ausschreibungen sowie Vertretung bei gerichtlichen Streitigkeiten<\/li>\n \t<li>Amtshaftungsklagen<\/li>\n \t<li>Verfahren aus dem Energierecht<\/li>\n<\/ul><\/div>\r\n    <\/div>\r\n<\/div>\r\n<\/div>\t\t\t\t<\/div>\n\t\t\t\t<\/div>\n\t\t\t\t<div class=\"elementor-element elementor-element-1dbc4a5 elementor-widget elementor-widget-pxl_icon_box\" data-id=\"1dbc4a5\" data-element_type=\"widget\" data-widget_type=\"pxl_icon_box.default\">\n\t\t\t\t<div class=\"elementor-widget-container\">\n\t\t\t\t\t<div class=\"pxl-icon-hover-beutyful\">\r\n<div class=\"pxl-icon-box pxl-icon-box3 u-hover--sparkle  \" data-wow-delay=\"ms\">\r\n                <div class=\"pxl-item--icon ct-fancybox-icon pxl-mr-32\">\r\n            <i aria-hidden=\"true\" class=\"flaticon flaticon-legal-paper\"><\/i>        <\/div>\r\n            <div class=\"pxl-item--holder\">\r\n        <h5 class=\"pxl-item--title el-empty\">Vollstreckungs- und Insolvenzrecht<\/h5>\r\n        <div class=\"pxl-item--description el-empty\"><ul>\n \t<li>Durchsetzung von Forderungen im Rahmen von Vollstreckungs- und Insolvenzverfahren<\/li>\n \t<li>Beratung und Vertretung bei Schuldenrestrukturierungen (Konkordat)<\/li>\n<\/ul><\/div>\r\n    <\/div>\r\n<\/div>\r\n<\/div>\t\t\t\t<\/div>\n\t\t\t\t<\/div>\n\t\t\t\t<div class=\"elementor-element elementor-element-2429fc8 elementor-widget elementor-widget-pxl_icon_box\" data-id=\"2429fc8\" data-element_type=\"widget\" data-widget_type=\"pxl_icon_box.default\">\n\t\t\t\t<div class=\"elementor-widget-container\">\n\t\t\t\t\t<div class=\"pxl-icon-hover-beutyful\">\r\n<div class=\"pxl-icon-box pxl-icon-box3 u-hover--sparkle  \" data-wow-delay=\"ms\">\r\n                <div class=\"pxl-item--icon ct-fancybox-icon pxl-mr-32\">\r\n            <i aria-hidden=\"true\" class=\"flaticon flaticon-legal-paper\"><\/i>        <\/div>\r\n            <div class=\"pxl-item--holder\">\r\n        <h5 class=\"pxl-item--title el-empty\">Immobilien- und Baurecht<\/h5>\r\n        <div class=\"pxl-item--description el-empty\"><ul>\n \t<li>L\u00f6sung von Streitigkeiten im Zusammenhang mit Grundbuch, Wohnungseigentum und Hypothekengesch\u00e4ften<\/li>\n \t<li>Erstellung und Durchsetzung von Bauvertr\u00e4gen, Unternehmer\u2013Auftraggeber-Beziehungen und technischen Auseinandersetzungen<\/li>\n \t<li>Teilungsversteigerung, Enteignungsverfahren und Mietrechtsstreitigkeiten<\/li>\n \t<li>Juristische Beratung bei Projektentwicklungsprozessen<\/li>\n<\/ul><\/div>\r\n    <\/div>\r\n<\/div>\r\n<\/div>\t\t\t\t<\/div>\n\t\t\t\t<\/div>\n\t\t\t\t<div class=\"elementor-element elementor-element-3954640 elementor-widget elementor-widget-pxl_icon_box\" data-id=\"3954640\" data-element_type=\"widget\" data-widget_type=\"pxl_icon_box.default\">\n\t\t\t\t<div class=\"elementor-widget-container\">\n\t\t\t\t\t<div class=\"pxl-icon-hover-beutyful\">\r\n<div class=\"pxl-icon-box pxl-icon-box3 u-hover--sparkle  \" data-wow-delay=\"ms\">\r\n                <div class=\"pxl-item--icon ct-fancybox-icon pxl-mr-32\">\r\n            <i aria-hidden=\"true\" class=\"flaticon flaticon-legal-paper\"><\/i>        <\/div>\r\n            <div class=\"pxl-item--holder\">\r\n        <h5 class=\"pxl-item--title el-empty\">Erbrecht<\/h5>\r\n        <div class=\"pxl-item--description el-empty\"><ul>\n \t<li>Erstellung von Testamenten und Erbvertr\u00e4gen<\/li>\n \t<li>Erbscheinverfahren und Nachlassverteilung<\/li>\n \t<li>Erbfolge, Pflichtteilsreduzierung, Erbverzicht und Enterbung<\/li>\n \t<li>Beilegung von Streitigkeiten zwischen Erben<\/li>\n<\/ul><\/div>\r\n    <\/div>\r\n<\/div>\r\n<\/div>\t\t\t\t<\/div>\n\t\t\t\t<\/div>\n\t\t\t\t<div class=\"elementor-element elementor-element-2b6e386 elementor-widget elementor-widget-pxl_icon_box\" data-id=\"2b6e386\" data-element_type=\"widget\" data-widget_type=\"pxl_icon_box.default\">\n\t\t\t\t<div class=\"elementor-widget-container\">\n\t\t\t\t\t<div class=\"pxl-icon-hover-beutyful\">\r\n<div class=\"pxl-icon-box pxl-icon-box3 u-hover--sparkle  \" data-wow-delay=\"ms\">\r\n                <div class=\"pxl-item--icon ct-fancybox-icon pxl-mr-32\">\r\n            <i aria-hidden=\"true\" class=\"flaticon flaticon-legal-paper\"><\/i>        <\/div>\r\n            <div class=\"pxl-item--holder\">\r\n        <h5 class=\"pxl-item--title el-empty\">Steuerrecht<\/h5>\r\n        <div class=\"pxl-item--description el-empty\"><ul>\n \t<li>Steuerpr\u00fcfungen und Einspr\u00fcche gegen Betriebspr\u00fcfungen<\/li>\n \t<li>Klage gegen Steuerstrafen und Verwaltungssanktionen<\/li>\n \t<li>Beratung bei Einigung, Selbstanzeige und Steueramnestie<\/li>\n \t<li>Steuerplanung und rechtliche Unterst\u00fctzung f\u00fcr Unternehmen und Privatpersonen<\/li>\n<\/ul><\/div>\r\n    <\/div>\r\n<\/div>\r\n<\/div>\t\t\t\t<\/div>\n\t\t\t\t<\/div>\n\t\t            <\/div>\r\n        <\/div>\r\n        \t\t\t<\/div>\n\t\t<\/section>\n\t\t            <\/div>\r\n        <\/div>\r\n        \t\t\t<\/div>\n\t\t<\/section>\n\t\t\t\t<\/div>\n\t\t","protected":false},"excerpt":{"rendered":"<p>Unsere T\u00e4tigkeitsbereiche Ausl\u00e4nderrecht Durchf\u00fchrung der erforderlichen Verfahren zur Registrierung der Auslandst\u00e4tigkeiten t\u00fcrkischer Staatsangeh\u00f6riger bei der Sozialversicherungsanstalt (SGK) in der T\u00fcrkei Umfassende rechtliche Betreuung beim Erwerb von Immobilien, bei der Besch\u00e4ftigung sowie beim Aufenthalt ausl\u00e4ndischer Staatsangeh\u00f6riger in der T\u00fcrkei Vertretung in erbrechtlichen Verfahren von ausl\u00e4ndischen Staatsangeh\u00f6rigen, die Erben t\u00fcrkischer Staatsangeh\u00f6riger sind Anerkennung und Vollstreckung ausl\u00e4ndischer Gerichtsentscheidungen [&hellip;]<\/p>\n","protected":false},"author":1,"featured_media":0,"parent":0,"menu_order":0,"comment_status":"closed","ping_status":"closed","template":"","meta":{"footnotes":""},"class_list":["post-5726","page","type-page","status-publish","hentry"],"_links":{"self":[{"href":"https:\/\/ermumcu.av.tr\/de\/wp-json\/wp\/v2\/pages\/5726","targetHints":{"allow":["GET"]}}],"collection":[{"href":"https:\/\/ermumcu.av.tr\/de\/wp-json\/wp\/v2\/pages"}],"about":[{"href":"https:\/\/ermumcu.av.tr\/de\/wp-json\/wp\/v2\/types\/page"}],"author":[{"embeddable":true,"href":"https:\/\/ermumcu.av.tr\/de\/wp-json\/wp\/v2\/users\/1"}],"replies":[{"embeddable":true,"href":"https:\/\/ermumcu.av.tr\/de\/wp-json\/wp\/v2\/comments?post=5726"}],"version-history":[{"count":27,"href":"https:\/\/ermumcu.av.tr\/de\/wp-json\/wp\/v2\/pages\/5726\/revisions"}],"predecessor-version":[{"id":6406,"href":"https:\/\/ermumcu.av.tr\/de\/wp-json\/wp\/v2\/pages\/5726\/revisions\/6406"}],"wp:attachment":[{"href":"https:\/\/ermumcu.av.tr\/de\/wp-json\/wp\/v2\/media?parent=5726"}],"curies":[{"name":"wp","href":"https:\/\/api.w.org\/{rel}","templated":true}]}}