{"id":5722,"date":"2024-10-23T08:50:19","date_gmt":"2024-10-23T08:50:19","guid":{"rendered":"https:\/\/ermumcu.av.tr\/ueber-uns\/"},"modified":"2025-09-11T19:45:30","modified_gmt":"2025-09-11T19:45:30","slug":"ueber-uns","status":"publish","type":"page","link":"https:\/\/ermumcu.av.tr\/de\/ueber-uns\/","title":{"rendered":"\u00dcber uns"},"content":{"rendered":"\t\t<div data-elementor-type=\"wp-page\" data-elementor-id=\"5722\" class=\"elementor elementor-5722 elementor-2519\" data-elementor-post-type=\"page\">\n\t\t\t\t        <section class=\"elementor-section elementor-top-section elementor-element elementor-element-81ecf17 elementor-section-stretched elementor-section-full_width elementor-section-height-default elementor-section-height-default pxl-row-scroll-none pxl-zoom-point-false pxl-section-overflow-visible pxl-section-fix-none pxl-full-content-with-space-none pxl-bg-color-none pxl-section-overlay-none\" data-id=\"81ecf17\" data-element_type=\"section\" data-settings=\"{&quot;stretch_section&quot;:&quot;section-stretched&quot;}\">\n\n                \n                <div class=\"elementor-container elementor-column-gap-extended \">\n                <div class=\"elementor-column elementor-col-100 elementor-top-column elementor-element elementor-element-9e6bda5 pxl-column-none pxl-column-overflow-hidden-no\" data-id=\"9e6bda5\" data-element_type=\"column\">\r\n        <div class=\"elementor-widget-wrap elementor-element-populated\">\r\n                     \r\n                <section class=\"elementor-section elementor-inner-section elementor-element elementor-element-efe1b1e elementor-section-full_width elementor-section-height-default elementor-section-height-default pxl-row-scroll-none pxl-zoom-point-false pxl-section-overflow-visible pxl-section-fix-none pxl-full-content-with-space-none pxl-bg-color-none pxl-section-overlay-none\" data-id=\"efe1b1e\" data-element_type=\"section\">\n\n                \n                <div class=\"elementor-container elementor-column-gap-default \">\n                <div class=\"elementor-column elementor-col-100 elementor-inner-column elementor-element elementor-element-297e04b column-padding pxl-column-none pxl-column-overflow-hidden-no\" data-id=\"297e04b\" data-element_type=\"column\">\r\n        <div class=\"elementor-widget-wrap elementor-element-populated\">\r\n                     \r\n        \t\t<div class=\"elementor-element elementor-element-b2f4a02 elementor-widget elementor-widget-spacer\" data-id=\"b2f4a02\" data-element_type=\"widget\" data-widget_type=\"spacer.default\">\n\t\t\t\t\t\t\t<div class=\"elementor-spacer\">\n\t\t\t<div class=\"elementor-spacer-inner\"><\/div>\n\t\t<\/div>\n\t\t\t\t\t\t<\/div>\n\t\t\t\t<div class=\"elementor-element elementor-element-c371cfd elementor-widget elementor-widget-heading\" data-id=\"c371cfd\" data-element_type=\"widget\" data-widget_type=\"heading.default\">\n\t\t\t\t\t<h3 class=\"elementor-heading-title elementor-size-default\">\u00dcber uns<\/h3>\t\t\t\t<\/div>\n\t\t            <\/div>\r\n        <\/div>\r\n        \t\t\t<\/div>\n\t\t<\/section>\n\t\t            <\/div>\r\n        <\/div>\r\n        \t\t\t<\/div>\n\t\t<\/section>\n\t\t<div class=\"elementor-element elementor-element-d541271 e-flex e-con-boxed e-con e-parent \" data-id=\"d541271\" data-element_type=\"container\">\t\t\t<div class=\"e-con-inner\">\r\n\t\t<div class=\"elementor-element elementor-element-2d747cf e-con-full e-flex e-con e-child \" data-id=\"2d747cf\" data-element_type=\"container\">\t\t<div class=\"elementor-element elementor-element-af5c23b elementor-widget elementor-widget-spacer\" data-id=\"af5c23b\" data-element_type=\"widget\" data-widget_type=\"spacer.default\">\n\t\t\t\t\t\t\t<div class=\"elementor-spacer\">\n\t\t\t<div class=\"elementor-spacer-inner\"><\/div>\n\t\t<\/div>\n\t\t\t\t\t\t<\/div>\n\t\t\t\t<div class=\"elementor-element elementor-element-2522683 elementor-widget elementor-widget-pxl_text_editor\" data-id=\"2522683\" data-element_type=\"widget\" data-widget_type=\"pxl_text_editor.default\">\n\t\t\t\t<div class=\"elementor-widget-container\">\n\t\t\t\t\t<div class=\"pxl-text-editor highlight-gradient\">\n\t<div class=\"pxl-item--inner  \">\n\t\t<div class=\"wpb_animate_when_almost_visible wpb_fadeInLeft fadeInLeft wpb_column vc_column_container vc_col-sm-6 wpb_start_animation animated\"><div class=\"vc_column-inner vc_custom_1484734943085\"><div class=\"wpb_wrapper\"><div class=\"wpb_text_column wpb_content_element \"><div class=\"wpb_wrapper\"><div class=\"wpb_animate_when_almost_visible wpb_fadeInLeft fadeInLeft wpb_column vc_column_container vc_col-sm-6 wpb_start_animation animated\"><div class=\"vc_column-inner vc_custom_1484734943085\"><div class=\"wpb_wrapper\"><div class=\"wpb_text_column wpb_content_element \"><div class=\"wpb_wrapper\"><p>Die im Jahr 2016 in Izmir gegr\u00fcndete Ermumcu Rechtsanwaltskanzlei bietet privaten wie auch gesch\u00e4ftlichen Mandanten durch ihr dynamisches Team und ihre kontinuierlich wachsenden Fachgebiete verl\u00e4ssliche, transparente und l\u00f6sungsorientierte Dienstleistungen.<\/p><\/div><\/div><\/div><\/div><\/div><\/div><\/div><\/div><\/div><\/div>\t\t\n\t<\/div>\n<\/div>\t\t\t\t<\/div>\n\t\t\t\t<\/div>\n\t\t\t\t<\/div>\r\n\t\t<div class=\"elementor-element elementor-element-4e0eb96 e-con-full e-flex e-con e-child \" data-id=\"4e0eb96\" data-element_type=\"container\">\t\t<div class=\"elementor-element elementor-element-914674b elementor-widget elementor-widget-pxl_image\" data-id=\"914674b\" data-element_type=\"widget\" data-widget_type=\"pxl_image.default\">\n\t\t\t\t<div class=\"elementor-widget-container\">\n\t\t\t\t\t<div id=\"pxl_image-914674b-1939\" class=\"pxl-image-single pxl-disable-parallax-sm   \" data-wow-delay=\"ms\"  >\r\n    <div class=\"pxl-item--inner\" data-wow-delay=\"120ms\">\r\n                \r\n                                <div class=\"pxl-item--image\" data-parallax-value=\"\">\r\n                                                    <img fetchpriority=\"high\" decoding=\"async\" width=\"1501\" height=\"1140\" src=\"https:\/\/ermumcu.av.tr\/wp-content\/uploads\/2025\/09\/ater-tower.jpg\" class=\"no-lazyload attachment-full\" alt=\"\" srcset=\"https:\/\/ermumcu.av.tr\/wp-content\/uploads\/2025\/09\/ater-tower.jpg 1501w, https:\/\/ermumcu.av.tr\/wp-content\/uploads\/2025\/09\/ater-tower-300x228.jpg 300w, https:\/\/ermumcu.av.tr\/wp-content\/uploads\/2025\/09\/ater-tower-1024x778.jpg 1024w, https:\/\/ermumcu.av.tr\/wp-content\/uploads\/2025\/09\/ater-tower-768x583.jpg 768w, https:\/\/ermumcu.av.tr\/wp-content\/uploads\/2025\/09\/ater-tower-935x710.jpg 935w\" sizes=\"(max-width: 1501px) 100vw, 1501px\" \/>                                                                    <\/div>\r\n                                <\/div>\r\n<\/div>\t\t\t\t<\/div>\n\t\t\t\t<\/div>\n\t\t\t\t<\/div>\r\n\t\t\t\t\t<\/div>\r\n\t\t\t\t<\/div>\r\n\t\t        <section class=\"elementor-section elementor-top-section elementor-element elementor-element-fe6e2f7 elementor-section-stretched elementor-section-boxed elementor-section-height-default elementor-section-height-default pxl-row-scroll-none pxl-zoom-point-false pxl-section-overflow-visible pxl-section-fix-none pxl-bg-color-none pxl-section-overlay-none\" data-id=\"fe6e2f7\" data-element_type=\"section\" data-settings=\"{&quot;stretch_section&quot;:&quot;section-stretched&quot;}\">\n\n                \n                <div class=\"elementor-container elementor-column-gap-extended \">\n                <div class=\"elementor-column elementor-col-100 elementor-top-column elementor-element elementor-element-1fe9bdc pxl-column-none pxl-column-overflow-hidden-no\" data-id=\"1fe9bdc\" data-element_type=\"column\">\r\n        <div class=\"elementor-widget-wrap elementor-element-populated\">\r\n                     \r\n        \t\t<div class=\"elementor-element elementor-element-7876695 elementor-widget elementor-widget-heading\" data-id=\"7876695\" data-element_type=\"widget\" data-widget_type=\"heading.default\">\n\t\t\t\t\t<h3 class=\"elementor-heading-title elementor-size-default\">Unser Team<\/h3>\t\t\t\t<\/div>\n\t\t\t\t<div class=\"elementor-element elementor-element-a6d0ce3 elementor-widget-divider--view-line elementor-widget elementor-widget-divider\" data-id=\"a6d0ce3\" data-element_type=\"widget\" data-widget_type=\"divider.default\">\n\t\t\t\t\t\t\t<div class=\"elementor-divider\">\n\t\t\t<span class=\"elementor-divider-separator\">\n\t\t\t\t\t\t<\/span>\n\t\t<\/div>\n\t\t\t\t\t\t<\/div>\n\t\t        <section class=\"elementor-section elementor-inner-section elementor-element elementor-element-4f49ec5 elementor-section-boxed elementor-section-height-default elementor-section-height-default pxl-row-scroll-none pxl-zoom-point-false pxl-section-overflow-visible pxl-section-fix-none pxl-bg-color-none pxl-section-overlay-none\" data-id=\"4f49ec5\" data-element_type=\"section\">\n\n                \n                <div class=\"elementor-container elementor-column-gap-default \">\n                <div class=\"elementor-column elementor-col-33 elementor-inner-column elementor-element elementor-element-35df97d pxl-column-none pxl-column-overflow-hidden-no\" data-id=\"35df97d\" data-element_type=\"column\">\r\n        <div class=\"elementor-widget-wrap elementor-element-populated\">\r\n                     \r\n        \t\t<div class=\"elementor-element elementor-element-45b4f0f elementor-position-top elementor-widget elementor-widget-image-box\" data-id=\"45b4f0f\" data-element_type=\"widget\" data-widget_type=\"image-box.default\">\n\t\t\t\t\t<div class=\"elementor-image-box-wrapper\"><figure class=\"elementor-image-box-img\"><a href=\"\/de\/fidan-ermumcu\/\" tabindex=\"-1\"><img decoding=\"async\" width=\"300\" height=\"300\" src=\"https:\/\/ermumcu.av.tr\/wp-content\/uploads\/2025\/09\/fid.png\" class=\"attachment-full size-full wp-image-6293\" alt=\"\" srcset=\"https:\/\/ermumcu.av.tr\/wp-content\/uploads\/2025\/09\/fid.png 300w, https:\/\/ermumcu.av.tr\/wp-content\/uploads\/2025\/09\/fid-150x150.png 150w\" sizes=\"(max-width: 300px) 100vw, 300px\" \/><\/a><\/figure><div class=\"elementor-image-box-content\"><h3 class=\"elementor-image-box-title\"><a href=\"\/de\/fidan-ermumcu\/\">Fidan Ermumcu<\/a><\/h3><p class=\"elementor-image-box-description\">Rechtsanw\u00e4ltin<\/p><\/div><\/div>\t\t\t\t<\/div>\n\t\t            <\/div>\r\n        <\/div>\r\n                <div class=\"elementor-column elementor-col-33 elementor-inner-column elementor-element elementor-element-207f199 pxl-column-none pxl-column-overflow-hidden-no\" data-id=\"207f199\" data-element_type=\"column\">\r\n        <div class=\"elementor-widget-wrap elementor-element-populated\">\r\n                     \r\n        \t\t<div class=\"elementor-element elementor-element-427ae0b elementor-position-top elementor-widget elementor-widget-image-box\" data-id=\"427ae0b\" data-element_type=\"widget\" data-widget_type=\"image-box.default\">\n\t\t\t\t\t<div class=\"elementor-image-box-wrapper\"><figure class=\"elementor-image-box-img\"><a href=\"\/de\/osman-ermumcu\/\" tabindex=\"-1\"><img decoding=\"async\" width=\"300\" height=\"300\" src=\"https:\/\/ermumcu.av.tr\/wp-content\/uploads\/2025\/09\/osman-ermumcu1.png\" class=\"attachment-full size-full wp-image-6278\" alt=\"\" srcset=\"https:\/\/ermumcu.av.tr\/wp-content\/uploads\/2025\/09\/osman-ermumcu1.png 300w, https:\/\/ermumcu.av.tr\/wp-content\/uploads\/2025\/09\/osman-ermumcu1-150x150.png 150w\" sizes=\"(max-width: 300px) 100vw, 300px\" \/><\/a><\/figure><div class=\"elementor-image-box-content\"><h3 class=\"elementor-image-box-title\"><a href=\"\/de\/osman-ermumcu\/\">Osman Ermumcu<\/a><\/h3><p class=\"elementor-image-box-description\">Rechtsanwalt, Mediator<\/p><\/div><\/div>\t\t\t\t<\/div>\n\t\t            <\/div>\r\n        <\/div>\r\n                <div class=\"elementor-column elementor-col-33 elementor-inner-column elementor-element elementor-element-009ddaf pxl-column-none pxl-column-overflow-hidden-no\" data-id=\"009ddaf\" data-element_type=\"column\">\r\n        <div class=\"elementor-widget-wrap elementor-element-populated\">\r\n                     \r\n        \t\t<div class=\"elementor-element elementor-element-952af83 elementor-position-top elementor-widget elementor-widget-image-box\" data-id=\"952af83\" data-element_type=\"widget\" data-widget_type=\"image-box.default\">\n\t\t\t\t\t<div class=\"elementor-image-box-wrapper\"><figure class=\"elementor-image-box-img\"><a href=\"\/de\/selcuk-ermumcu\/\" tabindex=\"-1\"><img loading=\"lazy\" decoding=\"async\" width=\"300\" height=\"300\" src=\"https:\/\/ermumcu.av.tr\/wp-content\/uploads\/2025\/09\/selcuk-ermumcu1.png\" class=\"attachment-full size-full wp-image-6275\" alt=\"\" srcset=\"https:\/\/ermumcu.av.tr\/wp-content\/uploads\/2025\/09\/selcuk-ermumcu1.png 300w, https:\/\/ermumcu.av.tr\/wp-content\/uploads\/2025\/09\/selcuk-ermumcu1-150x150.png 150w\" sizes=\"(max-width: 300px) 100vw, 300px\" \/><\/a><\/figure><div class=\"elementor-image-box-content\"><h3 class=\"elementor-image-box-title\"><a href=\"\/de\/selcuk-ermumcu\/\">Sel\u00e7uk Ermumcu<\/a><\/h3><p class=\"elementor-image-box-description\">Rechtsanwalt<\/p><\/div><\/div>\t\t\t\t<\/div>\n\t\t            <\/div>\r\n        <\/div>\r\n        \t\t\t<\/div>\n\t\t<\/section>\n\t\t\t\t<div class=\"elementor-element elementor-element-80bbcc9 elementor-widget elementor-widget-spacer\" data-id=\"80bbcc9\" data-element_type=\"widget\" data-widget_type=\"spacer.default\">\n\t\t\t\t\t\t\t<div class=\"elementor-spacer\">\n\t\t\t<div class=\"elementor-spacer-inner\"><\/div>\n\t\t<\/div>\n\t\t\t\t\t\t<\/div>\n\t\t            <\/div>\r\n        <\/div>\r\n        \t\t\t<\/div>\n\t\t<\/section>\n\t\t\t\t<\/div>\n\t\t","protected":false},"excerpt":{"rendered":"<p>\u00dcber uns Die im Jahr 2016 in Izmir gegr\u00fcndete Ermumcu Rechtsanwaltskanzlei bietet privaten wie auch gesch\u00e4ftlichen Mandanten durch ihr dynamisches Team und ihre kontinuierlich wachsenden Fachgebiete verl\u00e4ssliche, transparente und l\u00f6sungsorientierte Dienstleistungen. Unser Team Fidan Ermumcu Rechtsanw\u00e4ltin Osman Ermumcu Rechtsanwalt, Mediator Sel\u00e7uk Ermumcu Rechtsanwalt<\/p>\n","protected":false},"author":1,"featured_media":0,"parent":0,"menu_order":0,"comment_status":"closed","ping_status":"closed","template":"","meta":{"footnotes":""},"class_list":["post-5722","page","type-page","status-publish","hentry"],"_links":{"self":[{"href":"https:\/\/ermumcu.av.tr\/de\/wp-json\/wp\/v2\/pages\/5722","targetHints":{"allow":["GET"]}}],"collection":[{"href":"https:\/\/ermumcu.av.tr\/de\/wp-json\/wp\/v2\/pages"}],"about":[{"href":"https:\/\/ermumcu.av.tr\/de\/wp-json\/wp\/v2\/types\/page"}],"author":[{"embeddable":true,"href":"https:\/\/ermumcu.av.tr\/de\/wp-json\/wp\/v2\/users\/1"}],"replies":[{"embeddable":true,"href":"https:\/\/ermumcu.av.tr\/de\/wp-json\/wp\/v2\/comments?post=5722"}],"version-history":[{"count":36,"href":"https:\/\/ermumcu.av.tr\/de\/wp-json\/wp\/v2\/pages\/5722\/revisions"}],"predecessor-version":[{"id":6459,"href":"https:\/\/ermumcu.av.tr\/de\/wp-json\/wp\/v2\/pages\/5722\/revisions\/6459"}],"wp:attachment":[{"href":"https:\/\/ermumcu.av.tr\/de\/wp-json\/wp\/v2\/media?parent=5722"}],"curies":[{"name":"wp","href":"https:\/\/api.w.org\/{rel}","templated":true}]}}